{"id":1029,"date":"2020-12-26T14:49:58","date_gmt":"2020-12-26T14:49:58","guid":{"rendered":"https:\/\/www.mathinhpc.cz\/CS\/?page_id=1029"},"modified":"2021-02-03T10:30:58","modified_gmt":"2021-02-03T09:30:58","slug":"pravni-dokumenty","status":"publish","type":"page","link":"https:\/\/www.mathinhpc.cz\/CS\/home\/pravni-dokumenty\/","title":{"rendered":"PR\u00c1VN\u00cd DOKUMENTY"},"content":{"rendered":"\t\t<div data-elementor-type=\"wp-page\" data-elementor-id=\"1029\" class=\"elementor elementor-1029\">\n\t\t\t\t\t\t<section class=\"has_eae_slider elementor-section elementor-top-section elementor-element elementor-element-e9adfd2 elementor-section-boxed elementor-section-height-default elementor-section-height-default\" data-id=\"e9adfd2\" data-element_type=\"section\" data-settings=\"{&quot;_ha_eqh_enable&quot;:false}\">\n\t\t\t\t\t\t<div class=\"elementor-container elementor-column-gap-default\">\n\t\t\t\t\t<div class=\"has_eae_slider elementor-column elementor-col-100 elementor-top-column elementor-element elementor-element-a39661d\" data-id=\"a39661d\" data-element_type=\"column\">\n\t\t\t<div class=\"elementor-widget-wrap elementor-element-populated\">\n\t\t\t\t\t\t<div class=\"elementor-element elementor-element-f68aa9b elementor-widget elementor-widget-spacer\" data-id=\"f68aa9b\" data-element_type=\"widget\" data-widget_type=\"spacer.default\">\n\t\t\t\t<div class=\"elementor-widget-container\">\n\t\t\t\t\t<div class=\"elementor-spacer\">\n\t\t\t<div class=\"elementor-spacer-inner\"><\/div>\n\t\t<\/div>\n\t\t\t\t<\/div>\n\t\t\t\t<\/div>\n\t\t\t\t\t<\/div>\n\t\t<\/div>\n\t\t\t\t\t<\/div>\n\t\t<\/section>\n\t\t\t\t<section class=\"has_eae_slider elementor-section elementor-top-section elementor-element elementor-element-d97e1ab elementor-section-boxed elementor-section-height-default elementor-section-height-default\" data-id=\"d97e1ab\" data-element_type=\"section\" data-settings=\"{&quot;_ha_eqh_enable&quot;:false}\">\n\t\t\t\t\t\t<div class=\"elementor-container elementor-column-gap-default\">\n\t\t\t\t\t<div class=\"has_eae_slider elementor-column elementor-col-100 elementor-top-column elementor-element elementor-element-b8ffe87\" data-id=\"b8ffe87\" data-element_type=\"column\">\n\t\t\t<div class=\"elementor-widget-wrap elementor-element-populated\">\n\t\t\t\t\t\t<div class=\"elementor-element elementor-element-313b441 elementor-widget elementor-widget-text-editor\" data-id=\"313b441\" data-element_type=\"widget\" data-widget_type=\"text-editor.default\">\n\t\t\t\t<div class=\"elementor-widget-container\">\n\t\t\t\t\t\t\t<p><strong>Z\u00c1KLADN\u00cdM PR\u00c1VN\u00cdM DOKUMENTEM<\/strong>, j\u00edm\u017e byla doktorsk\u00e1 \u0161kola ustavena a jen\u017e upravuje z\u00e1kladn\u00ed pravidla jej\u00edho fungov\u00e1n\u00ed, je:<\/p><ul type=\"disc\"><li><a href=\"https:\/\/www.mathinhpc.cz\/CS\/wp-content\/uploads\/2021\/02\/dohoda.pdf\" target=\"_blank\" rel=\"noopener\"><span lang=\"EN-GB\"><strong>Dohoda o z\u0159\u00edzen\u00ed a realizaci doktorsk\u00e9 \u0161koly<\/strong><\/span><\/a><\/li><\/ul><p><span lang=\"EN-GB\">Tato dohoda je d\u00e1le roz\u0161i\u0159ov\u00e1na <strong>DODATKY<\/strong>:<\/span><\/p><ul type=\"disc\"><li><span lang=\"EN-GB\">v sou\u010dasnosti nejsou \u017e\u00e1dn\u00e9 dodatky k dispozici.<\/span><\/li><\/ul><p><span lang=\"EN-GB\">a <strong>ROZHODNUT\u00cdMI RADY<\/strong> doktorsk\u00e9 \u0161koly:<\/span><\/p><ul><li><a href=\"https:\/\/www.mathinhpc.cz\/CS\/wp-content\/uploads\/2021\/02\/protokol_VV_FEI.pdf\" target=\"_blank\" rel=\"noopener\"><span lang=\"EN-GB\"><strong>rozhodnut\u00ed rady o za\u0159azen\u00ed nov\u011b akreditovan\u00e9ho programu V\u00fdpo\u010detn\u00ed v\u011bdy (FEI, V\u0160B-TUO) do doktorsk\u00e9 \u0161koly<\/strong><\/span><\/a><b><\/b><i><\/i><u><\/u><\/li><li><strong><a href=\"https:\/\/www.mathinhpc.cz\/CS\/wp-content\/uploads\/2021\/02\/Zapis-o-hlasovani_PrFOU.pdf\" target=\"_blank\" rel=\"noopener\">rozhodnut\u00ed rady o za\u0159azen\u00ed P\u0159\u00edrodov\u011bdeck\u00e9 fakulty Ostravsk\u00e9 univerzity do doktorsk\u00e9 \u0161koly<\/a><\/strong><\/li><\/ul>\t\t\t\t\t\t<\/div>\n\t\t\t\t<\/div>\n\t\t\t\t\t<\/div>\n\t\t<\/div>\n\t\t\t\t\t<\/div>\n\t\t<\/section>\n\t\t\t\t<\/div>\n\t\t","protected":false},"excerpt":{"rendered":"<p>Z\u00c1KLADN\u00cdM PR\u00c1VN\u00cdM DOKUMENTEM, j\u00edm\u017e byla doktorsk\u00e1 \u0161kola ustavena a jen\u017e upravuje z\u00e1kladn\u00ed pravidla jej\u00edho fungov\u00e1n\u00ed, je: Dohoda o z\u0159\u00edzen\u00ed a realizaci doktorsk\u00e9 \u0161koly Tato dohoda je d\u00e1le roz\u0161i\u0159ov\u00e1na DODATKY: v sou\u010dasnosti nejsou \u017e\u00e1dn\u00e9 dodatky k dispozici. a ROZHODNUT\u00cdMI RADY doktorsk\u00e9 \u0161koly: rozhodnut\u00ed rady o za\u0159azen\u00ed nov\u011b akreditovan\u00e9ho programu V\u00fdpo\u010detn\u00ed v\u011bdy (FEI, V\u0160B-TUO) do doktorsk\u00e9 \u0161koly &hellip;<\/p>\n<p class=\"read-more\"> <a class=\"\" href=\"https:\/\/www.mathinhpc.cz\/CS\/home\/pravni-dokumenty\/\"> <span class=\"screen-reader-text\">PR\u00c1VN\u00cd DOKUMENTY<\/span> Pokra\u010dovat ve \u010dten\u00ed &raquo;<\/a><\/p>\n","protected":false},"author":1,"featured_media":0,"parent":340,"menu_order":0,"comment_status":"closed","ping_status":"closed","template":"","meta":{"site-sidebar-layout":"no-sidebar","site-content-layout":"plain-container","ast-global-header-display":"","ast-main-header-display":"","ast-hfb-above-header-display":"","ast-hfb-below-header-display":"","ast-hfb-mobile-header-display":"","site-post-title":"","ast-breadcrumbs-content":"","ast-featured-img":"disabled","footer-sml-layout":"","theme-transparent-header-meta":"default","adv-header-id-meta":"","stick-header-meta":"","header-above-stick-meta":"","header-main-stick-meta":"","header-below-stick-meta":"","footnotes":""},"class_list":["post-1029","page","type-page","status-publish","hentry"],"_links":{"self":[{"href":"https:\/\/www.mathinhpc.cz\/CS\/wp-json\/wp\/v2\/pages\/1029","targetHints":{"allow":["GET"]}}],"collection":[{"href":"https:\/\/www.mathinhpc.cz\/CS\/wp-json\/wp\/v2\/pages"}],"about":[{"href":"https:\/\/www.mathinhpc.cz\/CS\/wp-json\/wp\/v2\/types\/page"}],"author":[{"embeddable":true,"href":"https:\/\/www.mathinhpc.cz\/CS\/wp-json\/wp\/v2\/users\/1"}],"replies":[{"embeddable":true,"href":"https:\/\/www.mathinhpc.cz\/CS\/wp-json\/wp\/v2\/comments?post=1029"}],"version-history":[{"count":32,"href":"https:\/\/www.mathinhpc.cz\/CS\/wp-json\/wp\/v2\/pages\/1029\/revisions"}],"predecessor-version":[{"id":1875,"href":"https:\/\/www.mathinhpc.cz\/CS\/wp-json\/wp\/v2\/pages\/1029\/revisions\/1875"}],"up":[{"embeddable":true,"href":"https:\/\/www.mathinhpc.cz\/CS\/wp-json\/wp\/v2\/pages\/340"}],"wp:attachment":[{"href":"https:\/\/www.mathinhpc.cz\/CS\/wp-json\/wp\/v2\/media?parent=1029"}],"curies":[{"name":"wp","href":"https:\/\/api.w.org\/{rel}","templated":true}]}}