{"id":1257,"date":"2020-12-29T00:04:55","date_gmt":"2020-12-29T00:04:55","guid":{"rendered":"https:\/\/www.mathinhpc.cz\/CS\/?page_id=1257"},"modified":"2021-02-02T22:08:34","modified_gmt":"2021-02-02T21:08:34","slug":"studenti","status":"publish","type":"page","link":"https:\/\/www.mathinhpc.cz\/CS\/studium\/studenti\/","title":{"rendered":"STUDENTI"},"content":{"rendered":"\t\t<div data-elementor-type=\"wp-page\" data-elementor-id=\"1257\" class=\"elementor elementor-1257\" data-elementor-settings=\"{&quot;ha_cmc_init_switcher&quot;:&quot;no&quot;}\">\n\t\t\t\t\t\t<section class=\"has_eae_slider elementor-section elementor-top-section elementor-element elementor-element-77d45f6 elementor-section-boxed elementor-section-height-default elementor-section-height-default\" data-eae-slider=\"86344\" data-id=\"77d45f6\" data-element_type=\"section\" data-e-type=\"section\" data-settings=\"{&quot;_ha_eqh_enable&quot;:false}\">\n\t\t\t\t\t\t<div class=\"elementor-container elementor-column-gap-default\">\n\t\t\t\t\t<div class=\"has_eae_slider elementor-column elementor-col-100 elementor-top-column elementor-element elementor-element-fff54cf\" data-eae-slider=\"17365\" data-id=\"fff54cf\" data-element_type=\"column\" data-e-type=\"column\">\n\t\t\t<div class=\"elementor-widget-wrap elementor-element-populated\">\n\t\t\t\t\t\t<div class=\"elementor-element elementor-element-8ee7787 image-position-column elementor-widget elementor-widget-eae-timeline\" data-id=\"8ee7787\" data-element_type=\"widget\" data-e-type=\"widget\" data-widget_type=\"eae-timeline.skin1\">\n\t\t\t\t<div class=\"elementor-widget-container\">\n\t\t\t\t\t\t\t<section data-layout=\"center\" data-top-offset=\"200\" class=\"eae-layout-center eae-timeline eae-timeline-alternate-no eae-tl-center eae-tl-res-style-mobile eae-tl-res-layout-left\">\n\t\t\t<div class=\"eae-timline-progress-bar\">\n\t\t\t\t<div class='eae-pb-inner-line'><\/div>\n\t\t\t<\/div>\n\n\t\t\t\n\t\t\t\t\t\t\t\t\n\t\t\t\t\t\t<div id=\"64aac97\" class=\"eae-timeline-item elementor-repeater-item-64aac97 custom-image-style-no image-position-\">\n\n\t\t\t\t<div class=\"eae-tl-item-meta-wrapper\">\n\t\t\t\t\t\n\t\t\t\t<\/div>\n\n\t\t\t\t<div class=\"eae-tl-icon-wrapper\" id=\"64aac97\">\n\t\t\t\t\t\t\t\t<div class=\"eae-icon eae-icon-item_icon eae-icon-view-framed eae-icon-shape-circle eae-icon-type-icon\">\n\t\t\t\t<div class=\"eae-icon-wrap\">\n\t\t\t\t\t\t\t\t\t\t\t<i aria-hidden=\"true\" class=\"fas fa-chevron-circle-down\"><\/i>\t\t\t\t\t\t\t\t\t\t<\/div>\n\t\t\t<\/div>\n\t\t\t\t\t\t\t<\/div>\n\t\t\t\t<div class=\"eae-tl-content-wrapper\">\n\t\t\t\t\t\t\t\t\t\t\t\t<div class=\"eae-tl-item-content\">\n\t\t\t\t\t\t\t\t\t\t\t\t\t\t<div class=\"eae-width-100 eae-tl-content\">\n\t\t\t\t\t\t\t\t<div class=\"eae-content-inner\">\n\t\t\t\t\t\t\t\t\t<div class=\"eae-tl-item-meta-wrapper-inner\">\n\t\t\t\t\t\t\t\t\t\t\t\t\t\t\t\t\t\t\t<\/div>\n\t\t\t\t\t\t\t\t\t<h3 class=\"eae-tl-item-title\"><\/h3><div class=\"eae-tl-content-innner\"><p>Studenti doktorsk\u00e9 \u0161koly studuj\u00ed v doktorsk\u00fdch studijn\u00edch programech zam\u011b\u0159en\u00fdch na v\u00fdzkum a v\u00fdvoj metod a algoritm\u016f pro \u0159e\u0161en\u00ed v\u00fdpo\u010detn\u011b n\u00e1ro\u010dn\u00fdch \u00faloh z r\u016fzn\u00fdch oblast\u00ed v\u011bdy, techniky i praktick\u00fdch aplikac\u00ed a na jejich efektivn\u00ed implementaci vyu\u017e\u00edvaj\u00edc\u00ed v pln\u00e9m rozsahu s\u00edlu v\u00fdpo\u010detn\u00edch prost\u0159edk\u016f <a href=\"http:\/\/www.mathinhpc.cz\/CS\/infrastruktura\/\"><em>high-performance computing <\/em><\/a>.<\/p><\/div>\t\t\t\t\t\t\t\t<\/div>\n\t\t\t\t\t\t\t<\/div>\n\t\t\t\t\t\t\t\t\t\t\t\t\t<\/div>\n\t\t\t\t\t\t\t\t\t\t<\/div>\n\n\t\t\t<\/div>\n\t\t\t\t\t\t\t\t\n\t\t\t\t\t\t<div id=\"158ecab\" class=\"eae-timeline-item elementor-repeater-item-158ecab custom-image-style-no image-position-\">\n\n\t\t\t\t<div class=\"eae-tl-item-meta-wrapper\">\n\t\t\t\t\t\n\t\t\t\t<\/div>\n\n\t\t\t\t<div class=\"eae-tl-icon-wrapper\" id=\"158ecab\">\n\t\t\t\t\t\t\t\t<div class=\"eae-icon eae-icon-item_icon eae-icon-view-framed eae-icon-shape-circle eae-icon-type-icon\">\n\t\t\t\t<div class=\"eae-icon-wrap\">\n\t\t\t\t\t\t\t\t\t\t\t<i aria-hidden=\"true\" class=\"fas fa-chevron-circle-down\"><\/i>\t\t\t\t\t\t\t\t\t\t<\/div>\n\t\t\t<\/div>\n\t\t\t\t\t\t\t<\/div>\n\t\t\t\t<div class=\"eae-tl-content-wrapper\">\n\t\t\t\t\t\t\t\t\t\t\t\t<div class=\"eae-tl-item-content\">\n\t\t\t\t\t\t\t\t\t\t\t\t\t\t<div class=\"eae-width-100 eae-tl-content\">\n\t\t\t\t\t\t\t\t<div class=\"eae-content-inner\">\n\t\t\t\t\t\t\t\t\t<div class=\"eae-tl-item-meta-wrapper-inner\">\n\t\t\t\t\t\t\t\t\t\t\t\t\t\t\t\t\t\t\t<\/div>\n\t\t\t\t\t\t\t\t\t<h3 class=\"eae-tl-item-title\"><\/h3><div class=\"eae-tl-content-innner\"><p>Studenti se zapisuj\u00ed do studia v r\u00e1mci <a href=\"http:\/\/www.mathinhpc.cz\/CS\/studium\/doktorske-programy\/\">akreditovan\u00fdch doktorsk\u00fdch studijn\u00edch program\u016f<\/a> garantovan\u00fdch partnery doktorsk\u00e9 \u0161koly, samotn\u00e1 doktorsk\u00e1 \u0161kola pak vytv\u00e1\u0159\u00ed prost\u0159ed\u00ed, kter\u00e9 tyto programy propojuje a zaji\u0161\u0165uje tak efektivn\u00ed sd\u00edlen\u00ed <i>know-how<\/i> jednotliv\u00fdch partner\u016f p\u0159i \u0159e\u0161en\u00ed konkr\u00e9tn\u00edch dizerta\u010dn\u00edch projekt\u016f.<\/p><\/div>\t\t\t\t\t\t\t\t<\/div>\n\t\t\t\t\t\t\t<\/div>\n\t\t\t\t\t\t\t\t\t\t\t\t\t<\/div>\n\t\t\t\t\t\t\t\t\t\t<\/div>\n\n\t\t\t<\/div>\n\t\t\t\t\t\t\t\t\n\t\t\t\t\t\t<div id=\"f0f46be\" class=\"eae-timeline-item elementor-repeater-item-f0f46be custom-image-style-no image-position-\">\n\n\t\t\t\t<div class=\"eae-tl-item-meta-wrapper\">\n\t\t\t\t\t\n\t\t\t\t<\/div>\n\n\t\t\t\t<div class=\"eae-tl-icon-wrapper\" id=\"f0f46be\">\n\t\t\t\t\t\t\t\t<div class=\"eae-icon eae-icon-item_icon eae-icon-view-framed eae-icon-shape-circle eae-icon-type-icon\">\n\t\t\t\t<div class=\"eae-icon-wrap\">\n\t\t\t\t\t\t\t\t\t\t\t<i aria-hidden=\"true\" class=\"fas fa-chevron-circle-down\"><\/i>\t\t\t\t\t\t\t\t\t\t<\/div>\n\t\t\t<\/div>\n\t\t\t\t\t\t\t<\/div>\n\t\t\t\t<div class=\"eae-tl-content-wrapper\">\n\t\t\t\t\t\t\t\t\t\t\t\t<div class=\"eae-tl-item-content\">\n\t\t\t\t\t\t\t\t\t\t\t\t\t\t<div class=\"eae-width-100 eae-tl-content\">\n\t\t\t\t\t\t\t\t<div class=\"eae-content-inner\">\n\t\t\t\t\t\t\t\t\t<div class=\"eae-tl-item-meta-wrapper-inner\">\n\t\t\t\t\t\t\t\t\t\t\t\t\t\t\t\t\t\t\t<\/div>\n\t\t\t\t\t\t\t\t\t<h3 class=\"eae-tl-item-title\"><\/h3><div class=\"eae-tl-content-innner\"><p>V r\u00e1mci doktorsk\u00e9 \u0161koly si mohou studenti zapisovat kurzy nap\u0159\u00ed\u010d partnersk\u00fdm konsorciem, absolvuj\u00ed kr\u00e1tkodob\u00e9 st\u00e1\u017ee u partner\u016f a na z\u00e1klad\u011b jejich kontakt\u016f t\u00e9\u017e st\u00e1\u017ee v zahrani\u010d\u00ed \u010di v pr\u016fmyslov\u00e9 sf\u00e9\u0159e, p\u0159\u00edpadn\u011b mohou realizovat sv\u00e9 doktorsk\u00e9 studium pod veden\u00edm dvou \u010di v\u00edce specialist\u016f z r\u016fzn\u00fdch partnersk\u00fdch instituc\u00ed, pr\u016fmyslu \u010di ze spolupracuj\u00edc\u00edch instituc\u00ed v zahrani\u010d\u00ed (studium typu <i>double-degree<\/i>).<\/p><\/div>\t\t\t\t\t\t\t\t<\/div>\n\t\t\t\t\t\t\t<\/div>\n\t\t\t\t\t\t\t\t\t\t\t\t\t<\/div>\n\t\t\t\t\t\t\t\t\t\t<\/div>\n\n\t\t\t<\/div>\n\t\t\t\t\t\t\t\t\n\t\t\t\t\t\t<div id=\"0dd804d\" class=\"eae-timeline-item elementor-repeater-item-0dd804d custom-image-style-no image-position-\">\n\n\t\t\t\t<div class=\"eae-tl-item-meta-wrapper\">\n\t\t\t\t\t\n\t\t\t\t<\/div>\n\n\t\t\t\t<div class=\"eae-tl-icon-wrapper\" id=\"0dd804d\">\n\t\t\t\t\t\t\t\t<div class=\"eae-icon eae-icon-item_icon eae-icon-view-stacked eae-icon-shape-circle eae-icon-type-icon\">\n\t\t\t\t<div class=\"eae-icon-wrap\">\n\t\t\t\t\t\t\t\t\t\t\t<i aria-hidden=\"true\" class=\"fas fa-chevron-circle-up\"><\/i>\t\t\t\t\t\t\t\t\t\t<\/div>\n\t\t\t<\/div>\n\t\t\t\t\t\t\t<\/div>\n\t\t\t\t<div class=\"eae-tl-content-wrapper\">\n\t\t\t\t\t\t\t\t\t\t\t\t<div class=\"eae-tl-item-content\">\n\t\t\t\t\t\t\t\t\t\t\t\t\t\t<div class=\"eae-width-100 eae-tl-content\">\n\t\t\t\t\t\t\t\t<div class=\"eae-content-inner\">\n\t\t\t\t\t\t\t\t\t<div class=\"eae-tl-item-meta-wrapper-inner\">\n\t\t\t\t\t\t\t\t\t\t\t\t\t\t\t\t\t\t\t<\/div>\n\t\t\t\t\t\t\t\t\t<h3 class=\"eae-tl-item-title\"><\/h3><div class=\"eae-tl-content-innner\"><p>Doktorsk\u00e1 \u0161kola db\u00e1 na vz\u00e1jemn\u00fd kontakt student\u016f mezi sebou i student\u016f s u\u010diteli. Po\u0159\u00e1d\u00e1 (nejen) pro sv\u00e9 studenty tematicky zam\u011b\u0159en\u00e9 sez\u00f3nn\u00ed \u0161koly, specializovan\u00e9 intenzivn\u00ed kurzy, semin\u00e1\u0159e a workshopy a v neposledn\u00ed \u0159ad\u011b jim umo\u017e\u0148uje pravideln\u011b se setk\u00e1vat na ka\u017edoro\u010dn\u00ed studentsk\u00e9 konferenci a diskutovat o v\u00fdsledc\u00edch sv\u00e9 pr\u00e1ce, probl\u00e9mech, na kter\u00e9 narazili, a hledat spole\u010dn\u00fdmi silami jejich \u0159e\u0161en\u00ed.<\/p><\/div>\t\t\t\t\t\t\t\t<\/div>\n\t\t\t\t\t\t\t<\/div>\n\t\t\t\t\t\t\t\t\t\t\t\t\t<\/div>\n\t\t\t\t\t\t\t\t\t\t<\/div>\n\n\t\t\t<\/div>\n\t\t\t\t\t\t<\/section>\n\n\t\t\t\t\t\t<\/div>\n\t\t\t\t<\/div>\n\t\t\t\t\t<\/div>\n\t\t<\/div>\n\t\t\t\t\t<\/div>\n\t\t<\/section>\n\t\t\t\t<\/div>\n\t\t","protected":false},"excerpt":{"rendered":"<p>Studenti doktorsk\u00e9 \u0161koly studuj\u00ed v doktorsk\u00fdch studijn\u00edch programech zam\u011b\u0159en\u00fdch na v\u00fdzkum a v\u00fdvoj metod a algoritm\u016f pro \u0159e\u0161en\u00ed v\u00fdpo\u010detn\u011b n\u00e1ro\u010dn\u00fdch \u00faloh z r\u016fzn\u00fdch oblast\u00ed v\u011bdy, techniky i praktick\u00fdch aplikac\u00ed a na jejich efektivn\u00ed implementaci vyu\u017e\u00edvaj\u00edc\u00ed v pln\u00e9m rozsahu s\u00edlu v\u00fdpo\u010detn\u00edch prost\u0159edk\u016f high-performance computing . Studenti se zapisuj\u00ed do studia v r\u00e1mci akreditovan\u00fdch doktorsk\u00fdch studijn\u00edch program\u016f [&hellip;]<\/p>\n","protected":false},"author":1,"featured_media":0,"parent":1322,"menu_order":0,"comment_status":"closed","ping_status":"closed","template":"","meta":{"site-sidebar-layout":"no-sidebar","site-content-layout":"plain-container","ast-site-content-layout":"default","site-content-style":"default","site-sidebar-style":"default","ast-global-header-display":"","ast-banner-title-visibility":"","ast-main-header-display":"","ast-hfb-above-header-display":"","ast-hfb-below-header-display":"","ast-hfb-mobile-header-display":"","site-post-title":"","ast-breadcrumbs-content":"","ast-featured-img":"disabled","footer-sml-layout":"","ast-disable-related-posts":"","theme-transparent-header-meta":"default","adv-header-id-meta":"","stick-header-meta":"","header-above-stick-meta":"","header-main-stick-meta":"","header-below-stick-meta":"","astra-migrate-meta-layouts":"default","ast-page-background-enabled":"default","ast-page-background-meta":{"desktop":{"background-color":"","background-image":"","background-repeat":"repeat","background-position":"center center","background-size":"auto","background-attachment":"scroll","background-type":"","background-media":"","overlay-type":"","overlay-color":"","overlay-opacity":"","overlay-gradient":""},"tablet":{"background-color":"","background-image":"","background-repeat":"repeat","background-position":"center center","background-size":"auto","background-attachment":"scroll","background-type":"","background-media":"","overlay-type":"","overlay-color":"","overlay-opacity":"","overlay-gradient":""},"mobile":{"background-color":"","background-image":"","background-repeat":"repeat","background-position":"center center","background-size":"auto","background-attachment":"scroll","background-type":"","background-media":"","overlay-type":"","overlay-color":"","overlay-opacity":"","overlay-gradient":""}},"ast-content-background-meta":{"desktop":{"background-color":"var(--ast-global-color-5)","background-image":"","background-repeat":"repeat","background-position":"center center","background-size":"auto","background-attachment":"scroll","background-type":"","background-media":"","overlay-type":"","overlay-color":"","overlay-opacity":"","overlay-gradient":""},"tablet":{"background-color":"var(--ast-global-color-5)","background-image":"","background-repeat":"repeat","background-position":"center center","background-size":"auto","background-attachment":"scroll","background-type":"","background-media":"","overlay-type":"","overlay-color":"","overlay-opacity":"","overlay-gradient":""},"mobile":{"background-color":"var(--ast-global-color-5)","background-image":"","background-repeat":"repeat","background-position":"center center","background-size":"auto","background-attachment":"scroll","background-type":"","background-media":"","overlay-type":"","overlay-color":"","overlay-opacity":"","overlay-gradient":""}},"footnotes":""},"class_list":["post-1257","page","type-page","status-publish","hentry"],"_links":{"self":[{"href":"https:\/\/www.mathinhpc.cz\/CS\/wp-json\/wp\/v2\/pages\/1257","targetHints":{"allow":["GET"]}}],"collection":[{"href":"https:\/\/www.mathinhpc.cz\/CS\/wp-json\/wp\/v2\/pages"}],"about":[{"href":"https:\/\/www.mathinhpc.cz\/CS\/wp-json\/wp\/v2\/types\/page"}],"author":[{"embeddable":true,"href":"https:\/\/www.mathinhpc.cz\/CS\/wp-json\/wp\/v2\/users\/1"}],"replies":[{"embeddable":true,"href":"https:\/\/www.mathinhpc.cz\/CS\/wp-json\/wp\/v2\/comments?post=1257"}],"version-history":[{"count":34,"href":"https:\/\/www.mathinhpc.cz\/CS\/wp-json\/wp\/v2\/pages\/1257\/revisions"}],"predecessor-version":[{"id":1854,"href":"https:\/\/www.mathinhpc.cz\/CS\/wp-json\/wp\/v2\/pages\/1257\/revisions\/1854"}],"up":[{"embeddable":true,"href":"https:\/\/www.mathinhpc.cz\/CS\/wp-json\/wp\/v2\/pages\/1322"}],"wp:attachment":[{"href":"https:\/\/www.mathinhpc.cz\/CS\/wp-json\/wp\/v2\/media?parent=1257"}],"curies":[{"name":"wp","href":"https:\/\/api.w.org\/{rel}","templated":true}]}}