{"id":1308,"date":"2020-12-30T00:40:50","date_gmt":"2020-12-30T00:40:50","guid":{"rendered":"https:\/\/www.mathinhpc.cz\/CS\/?page_id=1308"},"modified":"2022-08-22T09:48:17","modified_gmt":"2022-08-22T08:48:17","slug":"publicita","status":"publish","type":"page","link":"https:\/\/www.mathinhpc.cz\/CS\/home\/publicita\/","title":{"rendered":"PUBLICITA"},"content":{"rendered":"\t\t<div data-elementor-type=\"wp-page\" data-elementor-id=\"1308\" class=\"elementor elementor-1308\">\n\t\t\t\t\t\t<section class=\"has_eae_slider elementor-section elementor-top-section elementor-element elementor-element-feb5f83 elementor-section-boxed elementor-section-height-default elementor-section-height-default\" data-id=\"feb5f83\" data-element_type=\"section\" data-settings=\"{&quot;_ha_eqh_enable&quot;:false}\">\n\t\t\t\t\t\t<div class=\"elementor-container elementor-column-gap-default\">\n\t\t\t\t\t<div class=\"has_eae_slider elementor-column elementor-col-100 elementor-top-column elementor-element elementor-element-69e1561\" data-id=\"69e1561\" data-element_type=\"column\">\n\t\t\t<div class=\"elementor-widget-wrap elementor-element-populated\">\n\t\t\t\t\t\t<div class=\"elementor-element elementor-element-b8e0920 elementor-widget elementor-widget-spacer\" data-id=\"b8e0920\" data-element_type=\"widget\" data-widget_type=\"spacer.default\">\n\t\t\t\t<div class=\"elementor-widget-container\">\n\t\t\t\t\t<div class=\"elementor-spacer\">\n\t\t\t<div class=\"elementor-spacer-inner\"><\/div>\n\t\t<\/div>\n\t\t\t\t<\/div>\n\t\t\t\t<\/div>\n\t\t\t\t\t<\/div>\n\t\t<\/div>\n\t\t\t\t\t<\/div>\n\t\t<\/section>\n\t\t\t\t<section class=\"has_eae_slider elementor-section elementor-top-section elementor-element elementor-element-9a5c13e elementor-section-boxed elementor-section-height-default elementor-section-height-default\" data-id=\"9a5c13e\" data-element_type=\"section\" data-settings=\"{&quot;_ha_eqh_enable&quot;:false}\">\n\t\t\t\t\t\t<div class=\"elementor-container elementor-column-gap-default\">\n\t\t\t\t\t<div class=\"has_eae_slider elementor-column elementor-col-33 elementor-top-column elementor-element elementor-element-dc84682\" data-id=\"dc84682\" data-element_type=\"column\" data-settings=\"{&quot;background_background&quot;:&quot;classic&quot;}\">\n\t\t\t<div class=\"elementor-widget-wrap elementor-element-populated\">\n\t\t\t\t\t\t<div class=\"elementor-element elementor-element-2a7817d elementor-widget elementor-widget-heading\" data-id=\"2a7817d\" data-element_type=\"widget\" data-widget_type=\"heading.default\">\n\t\t\t\t<div class=\"elementor-widget-container\">\n\t\t\t<h4 class=\"elementor-heading-title elementor-size-default\">TISKOV\u00c9 ZPR\u00c1VY<\/h4>\t\t<\/div>\n\t\t\t\t<\/div>\n\t\t\t\t\t<\/div>\n\t\t<\/div>\n\t\t\t\t<div class=\"has_eae_slider elementor-column elementor-col-33 elementor-top-column elementor-element elementor-element-c517499\" data-id=\"c517499\" data-element_type=\"column\" data-settings=\"{&quot;background_background&quot;:&quot;classic&quot;}\">\n\t\t\t<div class=\"elementor-widget-wrap elementor-element-populated\">\n\t\t\t\t\t\t<div class=\"elementor-element elementor-element-02f26bf elementor-widget elementor-widget-heading\" data-id=\"02f26bf\" data-element_type=\"widget\" data-widget_type=\"heading.default\">\n\t\t\t\t<div class=\"elementor-widget-container\">\n\t\t\t<h4 class=\"elementor-heading-title elementor-size-default\">PROPAGACE<\/h4>\t\t<\/div>\n\t\t\t\t<\/div>\n\t\t\t\t\t<\/div>\n\t\t<\/div>\n\t\t\t\t<div class=\"has_eae_slider elementor-column elementor-col-33 elementor-top-column elementor-element elementor-element-8a71cdf\" data-id=\"8a71cdf\" data-element_type=\"column\" data-settings=\"{&quot;background_background&quot;:&quot;classic&quot;}\">\n\t\t\t<div class=\"elementor-widget-wrap elementor-element-populated\">\n\t\t\t\t\t\t<div class=\"elementor-element elementor-element-35741f7 elementor-widget elementor-widget-heading\" data-id=\"35741f7\" data-element_type=\"widget\" data-widget_type=\"heading.default\">\n\t\t\t\t<div class=\"elementor-widget-container\">\n\t\t\t<h4 class=\"elementor-heading-title elementor-size-default\">NAPSALI O N\u00c1S<\/h4>\t\t<\/div>\n\t\t\t\t<\/div>\n\t\t\t\t\t<\/div>\n\t\t<\/div>\n\t\t\t\t\t<\/div>\n\t\t<\/section>\n\t\t\t\t<section class=\"has_eae_slider elementor-section elementor-top-section elementor-element elementor-element-b419837 elementor-section-boxed elementor-section-height-default elementor-section-height-default\" data-id=\"b419837\" data-element_type=\"section\" data-settings=\"{&quot;_ha_eqh_enable&quot;:false}\">\n\t\t\t\t\t\t<div class=\"elementor-container elementor-column-gap-default\">\n\t\t\t\t\t<div class=\"has_eae_slider elementor-column elementor-col-33 elementor-top-column elementor-element elementor-element-898c6e5\" data-id=\"898c6e5\" data-element_type=\"column\" data-settings=\"{&quot;background_background&quot;:&quot;classic&quot;}\">\n\t\t\t<div class=\"elementor-widget-wrap elementor-element-populated\">\n\t\t\t\t\t\t<div class=\"elementor-element elementor-element-68d4302 elementor-widget elementor-widget-text-editor\" data-id=\"68d4302\" data-element_type=\"widget\" data-widget_type=\"text-editor.default\">\n\t\t\t\t<div class=\"elementor-widget-container\">\n\t\t\t\t\t\t\t<ul>\n \t<li><span style=\"color: #ffffff;\"><a style=\"color: #ffffff;\" href=\"https:\/\/www.it4i.cz\/o-it4i\/infoservis\/tiskove-zpravy\/hpc-problematiku-je-mozno-studovat-v-ramci-unikatni-doktorske-skoly\" target=\"_blank\" rel=\"noopener\">Tiskov\u00e1 zpr\u00e1va 04\/2020<\/a><\/span><\/li>\n<\/ul>\t\t\t\t\t\t<\/div>\n\t\t\t\t<\/div>\n\t\t\t\t\t<\/div>\n\t\t<\/div>\n\t\t\t\t<div class=\"has_eae_slider elementor-column elementor-col-33 elementor-top-column elementor-element elementor-element-36019aa\" data-id=\"36019aa\" data-element_type=\"column\" data-settings=\"{&quot;background_background&quot;:&quot;classic&quot;}\">\n\t\t\t<div class=\"elementor-widget-wrap elementor-element-populated\">\n\t\t\t\t\t\t<div class=\"elementor-element elementor-element-975ca7e elementor-widget elementor-widget-text-editor\" data-id=\"975ca7e\" data-element_type=\"widget\" data-widget_type=\"text-editor.default\">\n\t\t\t\t<div class=\"elementor-widget-container\">\n\t\t\t\t\t\t\t<ul>\n<li><a href=\"https:\/\/www.mathinhpc.cz\/CS\/noc-vedcu\/\">Noc v\u011bdc\u016f 2021<\/a><\/li>\n<li><a href=\"https:\/\/www.mathinhpc.cz\/CS\/home\/publicita\/hpcse-2\/\">HPCSE 2022<\/a><\/li>\n<li><a href=\"https:\/\/www.mathinhpc.cz\/CS\/home\/publicita\/noc-vedcu-2\/?preview_id=2435&amp;preview_nonce=a8da125884&amp;preview=true\" target=\"_blank\">DD27 2022<\/a><br><\/li>\n<\/ul>\t\t\t\t\t\t<\/div>\n\t\t\t\t<\/div>\n\t\t\t\t\t<\/div>\n\t\t<\/div>\n\t\t\t\t<div class=\"has_eae_slider elementor-column elementor-col-33 elementor-top-column elementor-element elementor-element-073d54f\" data-id=\"073d54f\" data-element_type=\"column\" data-settings=\"{&quot;background_background&quot;:&quot;classic&quot;}\">\n\t\t\t<div class=\"elementor-widget-wrap elementor-element-populated\">\n\t\t\t\t\t\t<div class=\"elementor-element elementor-element-84ab957 elementor-widget elementor-widget-text-editor\" data-id=\"84ab957\" data-element_type=\"widget\" data-widget_type=\"text-editor.default\">\n\t\t\t\t<div class=\"elementor-widget-container\">\n\t\t\t\t\t\t\t<ul><li><span style=\"color: #ffffff;\"><a style=\"color: #ffffff;\" href=\"https:\/\/www.it4i.cz\/cs\/file\/c75b11bfd9ccdd9a6a10e802cc1ac5ec\/1147\/Newsletter_Q3-2019_FINAL-CZ.pdf\" target=\"_blank\" rel=\"noopener\">Newsletter IT4I Q3\/2019<\/a><\/span><\/li><li><span style=\"color: #ffffff;\"><a style=\"color: #ffffff;\" href=\"https:\/\/www.vsb.cz\/share\/uploadedfiles\/akademik\/pdf\/2020\/02-2020.pdf\" target=\"_blank\" rel=\"noopener\">\u010casopis Akademik 02 -2020<\/a><\/span><\/li><li><span style=\"color: #ffffff;\"><a style=\"color: #ffffff;\" href=\"https:\/\/www.it4i.cz\/file\/59a9cbea3119ad9670880c6306630099\/3848\/newsletter_Q4_2020_final.pdf\" target=\"_blank\" rel=\"noopener\">Newsletter IT4I Q4\/2020<\/a><\/span><\/li><\/ul>\t\t\t\t\t\t<\/div>\n\t\t\t\t<\/div>\n\t\t\t\t\t<\/div>\n\t\t<\/div>\n\t\t\t\t\t<\/div>\n\t\t<\/section>\n\t\t\t\t<\/div>\n\t\t","protected":false},"excerpt":{"rendered":"<p>TISKOV\u00c9 ZPR\u00c1VY PROPAGACE NAPSALI O N\u00c1S Tiskov\u00e1 zpr\u00e1va 04\/2020 Noc v\u011bdc\u016f 2021 HPCSE 2022 DD27 2022 Newsletter IT4I Q3\/2019 \u010casopis Akademik 02 -2020 Newsletter IT4I Q4\/2020<\/p>\n","protected":false},"author":1,"featured_media":0,"parent":340,"menu_order":3,"comment_status":"closed","ping_status":"closed","template":"","meta":{"site-sidebar-layout":"no-sidebar","site-content-layout":"plain-container","ast-global-header-display":"","ast-main-header-display":"","ast-hfb-above-header-display":"","ast-hfb-below-header-display":"","ast-hfb-mobile-header-display":"","site-post-title":"","ast-breadcrumbs-content":"","ast-featured-img":"disabled","footer-sml-layout":"","theme-transparent-header-meta":"default","adv-header-id-meta":"","stick-header-meta":"","header-above-stick-meta":"","header-main-stick-meta":"","header-below-stick-meta":"","footnotes":""},"class_list":["post-1308","page","type-page","status-publish","hentry"],"_links":{"self":[{"href":"https:\/\/www.mathinhpc.cz\/CS\/wp-json\/wp\/v2\/pages\/1308","targetHints":{"allow":["GET"]}}],"collection":[{"href":"https:\/\/www.mathinhpc.cz\/CS\/wp-json\/wp\/v2\/pages"}],"about":[{"href":"https:\/\/www.mathinhpc.cz\/CS\/wp-json\/wp\/v2\/types\/page"}],"author":[{"embeddable":true,"href":"https:\/\/www.mathinhpc.cz\/CS\/wp-json\/wp\/v2\/users\/1"}],"replies":[{"embeddable":true,"href":"https:\/\/www.mathinhpc.cz\/CS\/wp-json\/wp\/v2\/comments?post=1308"}],"version-history":[{"count":77,"href":"https:\/\/www.mathinhpc.cz\/CS\/wp-json\/wp\/v2\/pages\/1308\/revisions"}],"predecessor-version":[{"id":2445,"href":"https:\/\/www.mathinhpc.cz\/CS\/wp-json\/wp\/v2\/pages\/1308\/revisions\/2445"}],"up":[{"embeddable":true,"href":"https:\/\/www.mathinhpc.cz\/CS\/wp-json\/wp\/v2\/pages\/340"}],"wp:attachment":[{"href":"https:\/\/www.mathinhpc.cz\/CS\/wp-json\/wp\/v2\/media?parent=1308"}],"curies":[{"name":"wp","href":"https:\/\/api.w.org\/{rel}","templated":true}]}}