{"id":1322,"date":"2020-12-30T00:51:22","date_gmt":"2020-12-30T00:51:22","guid":{"rendered":"https:\/\/www.mathinhpc.cz\/CS\/?page_id=1322"},"modified":"2021-02-05T16:38:56","modified_gmt":"2021-02-05T15:38:56","slug":"studium","status":"publish","type":"page","link":"https:\/\/www.mathinhpc.cz\/CS\/studium\/","title":{"rendered":"STUDIUM"},"content":{"rendered":"\t\t<div data-elementor-type=\"wp-page\" data-elementor-id=\"1322\" class=\"elementor elementor-1322\" data-elementor-settings=\"{&quot;ha_cmc_init_switcher&quot;:&quot;no&quot;}\">\n\t\t\t\t\t\t<section class=\"has_eae_slider elementor-section elementor-top-section elementor-element elementor-element-8a3e7c2 elementor-section-boxed elementor-section-height-default elementor-section-height-default\" data-eae-slider=\"80271\" data-id=\"8a3e7c2\" data-element_type=\"section\" data-e-type=\"section\" data-settings=\"{&quot;_ha_eqh_enable&quot;:false}\">\n\t\t\t\t\t\t<div class=\"elementor-container elementor-column-gap-default\">\n\t\t\t\t\t<div class=\"has_eae_slider elementor-column elementor-col-100 elementor-top-column elementor-element elementor-element-4ba0493\" data-eae-slider=\"9652\" data-id=\"4ba0493\" data-element_type=\"column\" data-e-type=\"column\">\n\t\t\t<div class=\"elementor-widget-wrap elementor-element-populated\">\n\t\t\t\t\t\t<div class=\"elementor-element elementor-element-5079b9f elementor-widget elementor-widget-spacer\" data-id=\"5079b9f\" data-element_type=\"widget\" data-e-type=\"widget\" data-widget_type=\"spacer.default\">\n\t\t\t\t<div class=\"elementor-widget-container\">\n\t\t\t\t\t\t\t<div class=\"elementor-spacer\">\n\t\t\t<div class=\"elementor-spacer-inner\"><\/div>\n\t\t<\/div>\n\t\t\t\t\t\t<\/div>\n\t\t\t\t<\/div>\n\t\t\t\t<div class=\"elementor-element elementor-element-23ad0eb elementor-widget elementor-widget-text-editor\" data-id=\"23ad0eb\" data-element_type=\"widget\" data-e-type=\"widget\" data-widget_type=\"text-editor.default\">\n\t\t\t\t<div class=\"elementor-widget-container\">\n\t\t\t\t\t\t\t\t\t<section class=\"has_eae_slider elementor-section elementor-inner-section elementor-element elementor-element-clzy4pd elementor-section-content-middle elementor-section-boxed elementor-section-height-default elementor-section-height-default\" data-id=\"clzy4pd\" data-element_type=\"section\" data-settings=\"{&quot;_ha_eqh_enable&quot;:false}\">\n<div class=\"elementor-container elementor-column-gap-default\">\n<div class=\"elementor-row\">\n<div class=\"has_eae_slider elementor-column elementor-col-100 elementor-inner-column elementor-element elementor-element-a52f0dc\" data-id=\"a52f0dc\" data-element_type=\"column\">\n<div class=\"elementor-column-wrap elementor-element-populated\">\n<div class=\"elementor-widget-wrap\">\n<div class=\"elementor-element elementor-element-9b9caf2 elementor-widget elementor-widget-text-editor\" data-id=\"9b9caf2\" data-element_type=\"widget\" data-widget_type=\"text-editor.default\">\n<div class=\"elementor-widget-container\">\n<div class=\"elementor-text-editor elementor-clearfix\">\n<p>Doktorsk\u00e1 \u0161kola MathInHPC sdru\u017euje <strong><a href=\"https:\/\/www.mathinhpc.cz\/CS\/studium\/doktorske-programy\/\" rel=\"noopener\">doktorsk\u00e9 studijn\u00ed programy<\/a><\/strong> zam\u011b\u0159en\u00e9 na v\u00fdvoj metod High Performance Computing (HPC) a jejich aplikac\u00ed ve v\u00fdpo\u010detn\u011b n\u00e1ro\u010dn\u00fdch oblastech v\u011bdy a techniky. Obecn\u00fd profil studenta \u0161koly je mo\u017eno nal\u00e9zt <a href=\"https:\/\/www.mathinhpc.cz\/CS\/studium\/studenti\/\" rel=\"noopener\"><strong>zde<\/strong><\/a> a p\u0159edstavu o jeho napl\u0148ov\u00e1n\u00ed lze z\u00edskat z p\u0159\u00edklad\u016f <a href=\"https:\/\/www.mathinhpc.cz\/CS\/studium\/obhajene-dizertacni-prace\/\" rel=\"noopener\"><strong>obh\u00e1jen\u00fdch dizerta\u010dn\u00edch prac\u00ed<\/strong><\/a><strong>.<\/strong> Sledujte rovn\u011b\u017e <a href=\"https:\/\/www.mathinhpc.cz\/CS\/studium\/temata-zaverecnych-praci\/\" rel=\"noopener\"><strong>t\u00e9mata dizerta\u010dn\u00edch prac\u00ed<\/strong><\/a> vyhl\u00e1\u0161en\u00e1 pro aktu\u00e1ln\u00ed p\u0159ij\u00edmac\u00ed \u0159\u00edzen\u00ed.<\/p>\n<\/div>\n<\/div>\n<\/div>\n<\/div>\n<\/div>\n<\/div>\n<\/div>\n<\/div>\n<\/section>\t\t\t\t\t\t\t\t<\/div>\n\t\t\t\t<\/div>\n\t\t\t\t\t<\/div>\n\t\t<\/div>\n\t\t\t\t\t<\/div>\n\t\t<\/section>\n\t\t\t\t<\/div>\n\t\t","protected":false},"excerpt":{"rendered":"<p>Doktorsk\u00e1 \u0161kola MathInHPC sdru\u017euje doktorsk\u00e9 studijn\u00ed programy zam\u011b\u0159en\u00e9 na v\u00fdvoj metod High Performance Computing (HPC) a jejich aplikac\u00ed ve v\u00fdpo\u010detn\u011b n\u00e1ro\u010dn\u00fdch oblastech v\u011bdy a techniky. Obecn\u00fd profil studenta \u0161koly je mo\u017eno nal\u00e9zt zde a p\u0159edstavu o jeho napl\u0148ov\u00e1n\u00ed lze z\u00edskat z p\u0159\u00edklad\u016f obh\u00e1jen\u00fdch dizerta\u010dn\u00edch prac\u00ed. Sledujte rovn\u011b\u017e t\u00e9mata dizerta\u010dn\u00edch prac\u00ed vyhl\u00e1\u0161en\u00e1 pro aktu\u00e1ln\u00ed p\u0159ij\u00edmac\u00ed \u0159\u00edzen\u00ed.<\/p>\n","protected":false},"author":1,"featured_media":0,"parent":0,"menu_order":0,"comment_status":"closed","ping_status":"closed","template":"","meta":{"site-sidebar-layout":"no-sidebar","site-content-layout":"plain-container","ast-site-content-layout":"default","site-content-style":"default","site-sidebar-style":"default","ast-global-header-display":"","ast-banner-title-visibility":"","ast-main-header-display":"","ast-hfb-above-header-display":"","ast-hfb-below-header-display":"","ast-hfb-mobile-header-display":"","site-post-title":"","ast-breadcrumbs-content":"","ast-featured-img":"disabled","footer-sml-layout":"","ast-disable-related-posts":"","theme-transparent-header-meta":"default","adv-header-id-meta":"","stick-header-meta":"","header-above-stick-meta":"","header-main-stick-meta":"","header-below-stick-meta":"","astra-migrate-meta-layouts":"default","ast-page-background-enabled":"default","ast-page-background-meta":{"desktop":{"background-color":"","background-image":"","background-repeat":"repeat","background-position":"center center","background-size":"auto","background-attachment":"scroll","background-type":"","background-media":"","overlay-type":"","overlay-color":"","overlay-opacity":"","overlay-gradient":""},"tablet":{"background-color":"","background-image":"","background-repeat":"repeat","background-position":"center center","background-size":"auto","background-attachment":"scroll","background-type":"","background-media":"","overlay-type":"","overlay-color":"","overlay-opacity":"","overlay-gradient":""},"mobile":{"background-color":"","background-image":"","background-repeat":"repeat","background-position":"center center","background-size":"auto","background-attachment":"scroll","background-type":"","background-media":"","overlay-type":"","overlay-color":"","overlay-opacity":"","overlay-gradient":""}},"ast-content-background-meta":{"desktop":{"background-color":"var(--ast-global-color-5)","background-image":"","background-repeat":"repeat","background-position":"center center","background-size":"auto","background-attachment":"scroll","background-type":"","background-media":"","overlay-type":"","overlay-color":"","overlay-opacity":"","overlay-gradient":""},"tablet":{"background-color":"var(--ast-global-color-5)","background-image":"","background-repeat":"repeat","background-position":"center center","background-size":"auto","background-attachment":"scroll","background-type":"","background-media":"","overlay-type":"","overlay-color":"","overlay-opacity":"","overlay-gradient":""},"mobile":{"background-color":"var(--ast-global-color-5)","background-image":"","background-repeat":"repeat","background-position":"center center","background-size":"auto","background-attachment":"scroll","background-type":"","background-media":"","overlay-type":"","overlay-color":"","overlay-opacity":"","overlay-gradient":""}},"footnotes":""},"class_list":["post-1322","page","type-page","status-publish","hentry"],"_links":{"self":[{"href":"https:\/\/www.mathinhpc.cz\/CS\/wp-json\/wp\/v2\/pages\/1322","targetHints":{"allow":["GET"]}}],"collection":[{"href":"https:\/\/www.mathinhpc.cz\/CS\/wp-json\/wp\/v2\/pages"}],"about":[{"href":"https:\/\/www.mathinhpc.cz\/CS\/wp-json\/wp\/v2\/types\/page"}],"author":[{"embeddable":true,"href":"https:\/\/www.mathinhpc.cz\/CS\/wp-json\/wp\/v2\/users\/1"}],"replies":[{"embeddable":true,"href":"https:\/\/www.mathinhpc.cz\/CS\/wp-json\/wp\/v2\/comments?post=1322"}],"version-history":[{"count":16,"href":"https:\/\/www.mathinhpc.cz\/CS\/wp-json\/wp\/v2\/pages\/1322\/revisions"}],"predecessor-version":[{"id":1986,"href":"https:\/\/www.mathinhpc.cz\/CS\/wp-json\/wp\/v2\/pages\/1322\/revisions\/1986"}],"wp:attachment":[{"href":"https:\/\/www.mathinhpc.cz\/CS\/wp-json\/wp\/v2\/media?parent=1322"}],"curies":[{"name":"wp","href":"https:\/\/api.w.org\/{rel}","templated":true}]}}