{"id":1329,"date":"2020-12-30T00:55:13","date_gmt":"2020-12-30T00:55:13","guid":{"rendered":"https:\/\/www.mathinhpc.cz\/CS\/?page_id=1329"},"modified":"2021-02-09T11:27:50","modified_gmt":"2021-02-09T10:27:50","slug":"doktorske-programy","status":"publish","type":"page","link":"https:\/\/www.mathinhpc.cz\/CS\/studium\/doktorske-programy\/","title":{"rendered":"DOKTORSK\u00c9 STUDIJN\u00cd PROGRAMY"},"content":{"rendered":"\t\t<div data-elementor-type=\"wp-page\" data-elementor-id=\"1329\" class=\"elementor elementor-1329\">\n\t\t\t\t\t\t<section class=\"has_eae_slider elementor-section elementor-top-section elementor-element elementor-element-77b3596 elementor-section-boxed elementor-section-height-default elementor-section-height-default\" data-id=\"77b3596\" data-element_type=\"section\" data-settings=\"{&quot;_ha_eqh_enable&quot;:false}\">\n\t\t\t\t\t\t<div class=\"elementor-container elementor-column-gap-default\">\n\t\t\t\t\t<div class=\"has_eae_slider elementor-column elementor-col-33 elementor-top-column elementor-element elementor-element-df525da\" data-id=\"df525da\" data-element_type=\"column\">\n\t\t\t<div class=\"elementor-widget-wrap elementor-element-populated\">\n\t\t\t\t\t\t<div data-ha-element-link=\"{&quot;url&quot;:&quot;https:\\\/\\\/www.mff.cuni.cz\\\/cs\\\/studenti\\\/doktorske-studium\\\/studijni-plany\\\/fyzika\\\/p4f11&quot;,&quot;is_external&quot;:&quot;on&quot;,&quot;nofollow&quot;:&quot;&quot;,&quot;custom_attributes&quot;:&quot;&quot;}\" style=\"cursor: pointer\" class=\"elementor-element elementor-element-1d25d68 elementor-widget elementor-widget-image\" data-id=\"1d25d68\" data-element_type=\"widget\" data-widget_type=\"image.default\">\n\t\t\t\t<div class=\"elementor-widget-container\">\n\t\t\t\t\t\t\t\t\t\t\t\t\t<img fetchpriority=\"high\" decoding=\"async\" width=\"4003\" height=\"2523\" src=\"https:\/\/www.mathinhpc.cz\/CS\/wp-content\/uploads\/2021\/02\/MPM_.svg\" class=\"attachment-full size-full wp-image-1709\" alt=\"\" \/>\t\t\t\t\t\t\t\t\t\t\t\t\t<\/div>\n\t\t\t\t<\/div>\n\t\t\t\t<div class=\"elementor-element elementor-element-84967c6 elementor-widget elementor-widget-heading\" data-id=\"84967c6\" data-element_type=\"widget\" data-widget_type=\"heading.default\">\n\t\t\t\t<div class=\"elementor-widget-container\">\n\t\t\t<h4 class=\"elementor-heading-title elementor-size-default\"><a href=\"https:\/\/www.mff.cuni.cz\/cs\/studenti\/doktorske-studium\/studijni-plany\/fyzika\/p4f11\" target=\"_blank\">Fyzika \/ Matematick\u00e9 a po\u010d\u00edta\u010dov\u00e9 modelov\u00e1n\u00ed\n\n\n<\/a><\/h4>\t\t<\/div>\n\t\t\t\t<\/div>\n\t\t\t\t<div class=\"elementor-element elementor-element-8970361 elementor-widget elementor-widget-text-editor\" data-id=\"8970361\" data-element_type=\"widget\" data-widget_type=\"text-editor.default\">\n\t\t\t\t<div class=\"elementor-widget-container\">\n\t\t\t\t\t\t\t<p style=\"text-align: center;\">MFF UK, M\u00da AV \u010cR<\/p>\t\t\t\t\t\t<\/div>\n\t\t\t\t<\/div>\n\t\t\t\t\t<\/div>\n\t\t<\/div>\n\t\t\t\t<div class=\"has_eae_slider elementor-column elementor-col-33 elementor-top-column elementor-element elementor-element-4c791eb\" data-id=\"4c791eb\" data-element_type=\"column\">\n\t\t\t<div class=\"elementor-widget-wrap elementor-element-populated\">\n\t\t\t\t\t\t<div data-ha-element-link=\"{&quot;url&quot;:&quot;https:\\\/\\\/www.mff.cuni.cz\\\/cs\\\/uchazeci\\\/doktorske-studium\\\/programy-doktorskeho-studia\\\/2020-2021#0541VD170010&quot;,&quot;is_external&quot;:&quot;on&quot;,&quot;nofollow&quot;:&quot;&quot;,&quot;custom_attributes&quot;:&quot;&quot;}\" style=\"cursor: pointer\" class=\"elementor-element elementor-element-cf9cf9e elementor-widget elementor-widget-image\" data-id=\"cf9cf9e\" data-element_type=\"widget\" data-widget_type=\"image.default\">\n\t\t\t\t<div class=\"elementor-widget-container\">\n\t\t\t\t\t\t\t\t\t\t\t\t\t<img decoding=\"async\" width=\"600\" height=\"378\" src=\"https:\/\/www.mathinhpc.cz\/CS\/wp-content\/uploads\/2021\/02\/NVM-1.png\" class=\"attachment-large size-large wp-image-1721\" alt=\"\" srcset=\"https:\/\/www.mathinhpc.cz\/CS\/wp-content\/uploads\/2021\/02\/NVM-1.png 600w, https:\/\/www.mathinhpc.cz\/CS\/wp-content\/uploads\/2021\/02\/NVM-1-300x189.png 300w\" sizes=\"(max-width: 600px) 100vw, 600px\" \/>\t\t\t\t\t\t\t\t\t\t\t\t\t<\/div>\n\t\t\t\t<\/div>\n\t\t\t\t<div class=\"elementor-element elementor-element-cb30265 elementor-widget elementor-widget-heading\" data-id=\"cb30265\" data-element_type=\"widget\" data-widget_type=\"heading.default\">\n\t\t\t\t<div class=\"elementor-widget-container\">\n\t\t\t<h4 class=\"elementor-heading-title elementor-size-default\"><a href=\"https:\/\/www.mff.cuni.cz\/cs\/uchazeci\/doktorske-studium\/programy-doktorskeho-studia\/2020-2021#0541VD170010\" target=\"_blank\">\nMatematika \/ Numerick\u00e1 a v\u00fdpo\u010dtov\u00e1 matematika<\/a><\/h4>\t\t<\/div>\n\t\t\t\t<\/div>\n\t\t\t\t<div class=\"elementor-element elementor-element-6a47284 elementor-widget elementor-widget-text-editor\" data-id=\"6a47284\" data-element_type=\"widget\" data-widget_type=\"text-editor.default\">\n\t\t\t\t<div class=\"elementor-widget-container\">\n\t\t\t\t\t\t\t<p style=\"text-align: center;\">MFF UK, M\u00da AV \u010cR<\/p>\t\t\t\t\t\t<\/div>\n\t\t\t\t<\/div>\n\t\t\t\t\t<\/div>\n\t\t<\/div>\n\t\t\t\t<div class=\"has_eae_slider elementor-column elementor-col-33 elementor-top-column elementor-element elementor-element-454a405\" data-id=\"454a405\" data-element_type=\"column\">\n\t\t\t<div class=\"elementor-widget-wrap elementor-element-populated\">\n\t\t\t\t\t\t<div data-ha-element-link=\"{&quot;url&quot;:&quot;https:\\\/\\\/www.fei.vsb.cz\\\/cs\\\/studium\\\/studijni-programy\\\/doktorske-programy\\\/?programmeId=810&amp;academicYearId=61&amp;studyLanguageIds=1&quot;,&quot;is_external&quot;:&quot;on&quot;,&quot;nofollow&quot;:&quot;&quot;,&quot;custom_attributes&quot;:&quot;&quot;}\" style=\"cursor: pointer\" class=\"elementor-element elementor-element-e9984be elementor-widget elementor-widget-image\" data-id=\"e9984be\" data-element_type=\"widget\" data-widget_type=\"image.default\">\n\t\t\t\t<div class=\"elementor-widget-container\">\n\t\t\t\t\t\t\t\t\t\t\t\t\t<img decoding=\"async\" width=\"600\" height=\"378\" src=\"https:\/\/www.mathinhpc.cz\/CS\/wp-content\/uploads\/2021\/02\/VPV.png\" class=\"attachment-large size-large wp-image-1723\" alt=\"\" srcset=\"https:\/\/www.mathinhpc.cz\/CS\/wp-content\/uploads\/2021\/02\/VPV.png 600w, https:\/\/www.mathinhpc.cz\/CS\/wp-content\/uploads\/2021\/02\/VPV-300x189.png 300w\" sizes=\"(max-width: 600px) 100vw, 600px\" \/>\t\t\t\t\t\t\t\t\t\t\t\t\t<\/div>\n\t\t\t\t<\/div>\n\t\t\t\t<div class=\"elementor-element elementor-element-e15232e elementor-widget elementor-widget-heading\" data-id=\"e15232e\" data-element_type=\"widget\" data-widget_type=\"heading.default\">\n\t\t\t\t<div class=\"elementor-widget-container\">\n\t\t\t<h4 class=\"elementor-heading-title elementor-size-default\"><a href=\"https:\/\/www.fei.vsb.cz\/cs\/studium\/studijni-programy\/doktorske-programy\/?programmeId=810&#038;academicYearId=61&#038;studyLanguageIds=1\" target=\"_blank\">V\u00ddPO\u010cETN\u00cd V\u011aDY<\/a><\/h4>\t\t<\/div>\n\t\t\t\t<\/div>\n\t\t\t\t<div class=\"elementor-element elementor-element-8b547bc elementor-widget elementor-widget-spacer\" data-id=\"8b547bc\" data-element_type=\"widget\" data-widget_type=\"spacer.default\">\n\t\t\t\t<div class=\"elementor-widget-container\">\n\t\t\t\t\t<div class=\"elementor-spacer\">\n\t\t\t<div class=\"elementor-spacer-inner\"><\/div>\n\t\t<\/div>\n\t\t\t\t<\/div>\n\t\t\t\t<\/div>\n\t\t\t\t<div class=\"elementor-element elementor-element-eb1bfa9 elementor-widget elementor-widget-text-editor\" data-id=\"eb1bfa9\" data-element_type=\"widget\" data-widget_type=\"text-editor.default\">\n\t\t\t\t<div class=\"elementor-widget-container\">\n\t\t\t\t\t\t\t<p style=\"text-align: center;\">FEI, IT4I V\u0160B-TUO<\/p>\t\t\t\t\t\t<\/div>\n\t\t\t\t<\/div>\n\t\t\t\t\t<\/div>\n\t\t<\/div>\n\t\t\t\t\t<\/div>\n\t\t<\/section>\n\t\t\t\t<section class=\"has_eae_slider elementor-section elementor-top-section elementor-element elementor-element-5dd63af elementor-section-boxed elementor-section-height-default elementor-section-height-default\" data-id=\"5dd63af\" data-element_type=\"section\" data-settings=\"{&quot;_ha_eqh_enable&quot;:false}\">\n\t\t\t\t\t\t<div class=\"elementor-container elementor-column-gap-default\">\n\t\t\t\t\t<div class=\"has_eae_slider elementor-column elementor-col-33 elementor-top-column elementor-element elementor-element-7e921e3\" data-id=\"7e921e3\" data-element_type=\"column\">\n\t\t\t<div class=\"elementor-widget-wrap elementor-element-populated\">\n\t\t\t\t\t\t<div data-ha-element-link=\"{&quot;url&quot;:&quot;https:\\\/\\\/www.fei.vsb.cz\\\/cs\\\/studium\\\/studijni-programy\\\/doktorske-programy\\\/?programmeId=808&amp;academicYearId=61&amp;studyLanguageIds=1&quot;,&quot;is_external&quot;:&quot;on&quot;,&quot;nofollow&quot;:&quot;&quot;,&quot;custom_attributes&quot;:&quot;&quot;}\" style=\"cursor: pointer\" class=\"elementor-element elementor-element-a904376 elementor-widget elementor-widget-image\" data-id=\"a904376\" data-element_type=\"widget\" data-widget_type=\"image.default\">\n\t\t\t\t<div class=\"elementor-widget-container\">\n\t\t\t\t\t\t\t\t\t\t\t\t\t<img loading=\"lazy\" decoding=\"async\" width=\"600\" height=\"378\" src=\"https:\/\/www.mathinhpc.cz\/CS\/wp-content\/uploads\/2021\/02\/VAM.png\" class=\"attachment-large size-large wp-image-1717\" alt=\"\" srcset=\"https:\/\/www.mathinhpc.cz\/CS\/wp-content\/uploads\/2021\/02\/VAM.png 600w, https:\/\/www.mathinhpc.cz\/CS\/wp-content\/uploads\/2021\/02\/VAM-300x189.png 300w\" sizes=\"(max-width: 600px) 100vw, 600px\" \/>\t\t\t\t\t\t\t\t\t\t\t\t\t<\/div>\n\t\t\t\t<\/div>\n\t\t\t\t<div class=\"elementor-element elementor-element-8832f46 elementor-widget elementor-widget-heading\" data-id=\"8832f46\" data-element_type=\"widget\" data-widget_type=\"heading.default\">\n\t\t\t\t<div class=\"elementor-widget-container\">\n\t\t\t<h4 class=\"elementor-heading-title elementor-size-default\"><a href=\"https:\/\/www.fei.vsb.cz\/cs\/studium\/studijni-programy\/doktorske-programy\/?programmeId=808&#038;academicYearId=61&#038;studyLanguageIds=1\" target=\"_blank\">V\u00ddPO\u010cETN\u00cd A APLIKOVAN\u00c1 MATEMATIKA<\/a><\/h4>\t\t<\/div>\n\t\t\t\t<\/div>\n\t\t\t\t<div class=\"elementor-element elementor-element-ab70537 elementor-widget elementor-widget-text-editor\" data-id=\"ab70537\" data-element_type=\"widget\" data-widget_type=\"text-editor.default\">\n\t\t\t\t<div class=\"elementor-widget-container\">\n\t\t\t\t\t\t\t<p style=\"text-align: center;\">FEI, IT4I V\u0160B-TUO<\/p>\t\t\t\t\t\t<\/div>\n\t\t\t\t<\/div>\n\t\t\t\t\t<\/div>\n\t\t<\/div>\n\t\t\t\t<div class=\"has_eae_slider elementor-column elementor-col-33 elementor-top-column elementor-element elementor-element-16f749b\" data-id=\"16f749b\" data-element_type=\"column\">\n\t\t\t<div class=\"elementor-widget-wrap elementor-element-populated\">\n\t\t\t\t\t\t<div data-ha-element-link=\"{&quot;url&quot;:&quot;https:\\\/\\\/prf.osu.cz\\\/kfy\\\/nabizene-programy-a-obory\\\/?specializaceid=3539&quot;,&quot;is_external&quot;:&quot;on&quot;,&quot;nofollow&quot;:&quot;&quot;,&quot;custom_attributes&quot;:&quot;&quot;}\" style=\"cursor: pointer\" class=\"elementor-element elementor-element-601667d elementor-widget elementor-widget-image\" data-id=\"601667d\" data-element_type=\"widget\" data-widget_type=\"image.default\">\n\t\t\t\t<div class=\"elementor-widget-container\">\n\t\t\t\t\t\t\t\t\t\t\t\t\t<img loading=\"lazy\" decoding=\"async\" width=\"600\" height=\"378\" src=\"https:\/\/www.mathinhpc.cz\/CS\/wp-content\/uploads\/2021\/02\/BFN.png\" class=\"attachment-large size-large wp-image-1714\" alt=\"\" srcset=\"https:\/\/www.mathinhpc.cz\/CS\/wp-content\/uploads\/2021\/02\/BFN.png 600w, https:\/\/www.mathinhpc.cz\/CS\/wp-content\/uploads\/2021\/02\/BFN-300x189.png 300w\" sizes=\"(max-width: 600px) 100vw, 600px\" \/>\t\t\t\t\t\t\t\t\t\t\t\t\t<\/div>\n\t\t\t\t<\/div>\n\t\t\t\t<div class=\"elementor-element elementor-element-efa38a3 elementor-widget elementor-widget-heading\" data-id=\"efa38a3\" data-element_type=\"widget\" data-widget_type=\"heading.default\">\n\t\t\t\t<div class=\"elementor-widget-container\">\n\t\t\t<h4 class=\"elementor-heading-title elementor-size-default\"><a href=\"https:\/\/prf.osu.cz\/kfy\/nabizene-programy-a-obory\/?specializaceid=3539\" target=\"_blank\">Biofyzika a fyzika nanostruktur<\/a><\/h4>\t\t<\/div>\n\t\t\t\t<\/div>\n\t\t\t\t<div class=\"elementor-element elementor-element-641f184 elementor-widget elementor-widget-text-editor\" data-id=\"641f184\" data-element_type=\"widget\" data-widget_type=\"text-editor.default\">\n\t\t\t\t<div class=\"elementor-widget-container\">\n\t\t\t\t\t\t\t<p style=\"text-align: center;\">P\u0158F OU<\/p>\t\t\t\t\t\t<\/div>\n\t\t\t\t<\/div>\n\t\t\t\t\t<\/div>\n\t\t<\/div>\n\t\t\t\t<div class=\"has_eae_slider elementor-column elementor-col-33 elementor-top-column elementor-element elementor-element-a739d45\" data-id=\"a739d45\" data-element_type=\"column\">\n\t\t\t<div class=\"elementor-widget-wrap\">\n\t\t\t\t\t\t\t<\/div>\n\t\t<\/div>\n\t\t\t\t\t<\/div>\n\t\t<\/section>\n\t\t\t\t<\/div>\n\t\t","protected":false},"excerpt":{"rendered":"<p>Fyzika \/ Matematick\u00e9 a po\u010d\u00edta\u010dov\u00e9 modelov\u00e1n\u00ed MFF UK, M\u00da AV \u010cR Matematika \/ Numerick\u00e1 a v\u00fdpo\u010dtov\u00e1 matematika MFF UK, M\u00da AV \u010cR V\u00ddPO\u010cETN\u00cd V\u011aDY FEI, IT4I V\u0160B-TUO V\u00ddPO\u010cETN\u00cd A APLIKOVAN\u00c1 MATEMATIKA FEI, IT4I V\u0160B-TUO Biofyzika a fyzika nanostruktur P\u0158F OU<\/p>\n","protected":false},"author":1,"featured_media":0,"parent":1322,"menu_order":1,"comment_status":"closed","ping_status":"closed","template":"","meta":{"site-sidebar-layout":"no-sidebar","site-content-layout":"plain-container","ast-global-header-display":"","ast-main-header-display":"","ast-hfb-above-header-display":"","ast-hfb-below-header-display":"","ast-hfb-mobile-header-display":"","site-post-title":"","ast-breadcrumbs-content":"","ast-featured-img":"","footer-sml-layout":"","theme-transparent-header-meta":"default","adv-header-id-meta":"","stick-header-meta":"","header-above-stick-meta":"","header-main-stick-meta":"","header-below-stick-meta":"","footnotes":""},"class_list":["post-1329","page","type-page","status-publish","hentry"],"_links":{"self":[{"href":"https:\/\/www.mathinhpc.cz\/CS\/wp-json\/wp\/v2\/pages\/1329","targetHints":{"allow":["GET"]}}],"collection":[{"href":"https:\/\/www.mathinhpc.cz\/CS\/wp-json\/wp\/v2\/pages"}],"about":[{"href":"https:\/\/www.mathinhpc.cz\/CS\/wp-json\/wp\/v2\/types\/page"}],"author":[{"embeddable":true,"href":"https:\/\/www.mathinhpc.cz\/CS\/wp-json\/wp\/v2\/users\/1"}],"replies":[{"embeddable":true,"href":"https:\/\/www.mathinhpc.cz\/CS\/wp-json\/wp\/v2\/comments?post=1329"}],"version-history":[{"count":70,"href":"https:\/\/www.mathinhpc.cz\/CS\/wp-json\/wp\/v2\/pages\/1329\/revisions"}],"predecessor-version":[{"id":2084,"href":"https:\/\/www.mathinhpc.cz\/CS\/wp-json\/wp\/v2\/pages\/1329\/revisions\/2084"}],"up":[{"embeddable":true,"href":"https:\/\/www.mathinhpc.cz\/CS\/wp-json\/wp\/v2\/pages\/1322"}],"wp:attachment":[{"href":"https:\/\/www.mathinhpc.cz\/CS\/wp-json\/wp\/v2\/media?parent=1329"}],"curies":[{"name":"wp","href":"https:\/\/api.w.org\/{rel}","templated":true}]}}