{"id":1337,"date":"2021-01-02T15:54:53","date_gmt":"2021-01-02T15:54:53","guid":{"rendered":"https:\/\/www.mathinhpc.cz\/CS\/?page_id=1337"},"modified":"2021-03-08T13:11:48","modified_gmt":"2021-03-08T12:11:48","slug":"temata-zaverecnych-praci","status":"publish","type":"page","link":"https:\/\/www.mathinhpc.cz\/CS\/studium\/temata-zaverecnych-praci\/","title":{"rendered":"T\u00c9MATA DIZERTA\u010cN\u00cdCH PRAC\u00cd"},"content":{"rendered":"\t\t<div data-elementor-type=\"wp-page\" data-elementor-id=\"1337\" class=\"elementor elementor-1337\" data-elementor-settings=\"{&quot;ha_cmc_init_switcher&quot;:&quot;no&quot;}\">\n\t\t\t\t\t\t<section class=\"has_eae_slider elementor-section elementor-top-section elementor-element elementor-element-5939754 elementor-section-boxed elementor-section-height-default elementor-section-height-default\" data-eae-slider=\"39872\" data-id=\"5939754\" data-element_type=\"section\" data-e-type=\"section\" data-settings=\"{&quot;_ha_eqh_enable&quot;:false}\">\n\t\t\t\t\t\t<div class=\"elementor-container elementor-column-gap-default\">\n\t\t\t\t\t<div class=\"has_eae_slider elementor-column elementor-col-100 elementor-top-column elementor-element elementor-element-4f96002\" data-eae-slider=\"3723\" data-id=\"4f96002\" data-element_type=\"column\" data-e-type=\"column\">\n\t\t\t<div class=\"elementor-widget-wrap elementor-element-populated\">\n\t\t\t\t\t\t<div class=\"elementor-element elementor-element-3992384 elementor-widget elementor-widget-spacer\" data-id=\"3992384\" data-element_type=\"widget\" data-e-type=\"widget\" data-widget_type=\"spacer.default\">\n\t\t\t\t<div class=\"elementor-widget-container\">\n\t\t\t\t\t\t\t<div class=\"elementor-spacer\">\n\t\t\t<div class=\"elementor-spacer-inner\"><\/div>\n\t\t<\/div>\n\t\t\t\t\t\t<\/div>\n\t\t\t\t<\/div>\n\t\t\t\t<div class=\"elementor-element elementor-element-df774da elementor-widget elementor-widget-heading\" data-id=\"df774da\" data-element_type=\"widget\" data-e-type=\"widget\" data-widget_type=\"heading.default\">\n\t\t\t\t<div class=\"elementor-widget-container\">\n\t\t\t\t\t<h4 class=\"elementor-heading-title elementor-size-default\">PRO AKADEMICK\u00dd ROK 2020\/2021<\/h4>\t\t\t\t<\/div>\n\t\t\t\t<\/div>\n\t\t\t\t\t<\/div>\n\t\t<\/div>\n\t\t\t\t\t<\/div>\n\t\t<\/section>\n\t\t\t\t<section class=\"has_eae_slider elementor-section elementor-top-section elementor-element elementor-element-beb3057 elementor-section-full_width elementor-section-height-default elementor-section-height-default\" data-eae-slider=\"8658\" data-id=\"beb3057\" data-element_type=\"section\" data-e-type=\"section\" data-settings=\"{&quot;_ha_eqh_enable&quot;:false}\">\n\t\t\t\t\t\t<div class=\"elementor-container elementor-column-gap-default\">\n\t\t\t\t\t<div class=\"has_eae_slider elementor-column elementor-col-100 elementor-top-column elementor-element elementor-element-1461ea5\" data-eae-slider=\"74442\" data-id=\"1461ea5\" data-element_type=\"column\" data-e-type=\"column\">\n\t\t\t<div class=\"elementor-widget-wrap elementor-element-populated\">\n\t\t\t\t\t\t<div class=\"elementor-element elementor-element-9d3dd9a elementor-widget elementor-widget-spacer\" data-id=\"9d3dd9a\" data-element_type=\"widget\" data-e-type=\"widget\" data-widget_type=\"spacer.default\">\n\t\t\t\t<div class=\"elementor-widget-container\">\n\t\t\t\t\t\t\t<div class=\"elementor-spacer\">\n\t\t\t<div class=\"elementor-spacer-inner\"><\/div>\n\t\t<\/div>\n\t\t\t\t\t\t<\/div>\n\t\t\t\t<\/div>\n\t\t\t\t<div class=\"elementor-element elementor-element-d78e1b5 elementor-widget elementor-widget-eael-adv-tabs\" data-id=\"d78e1b5\" data-element_type=\"widget\" data-e-type=\"widget\" data-widget_type=\"eael-adv-tabs.default\">\n\t\t\t\t<div class=\"elementor-widget-container\">\n\t\t\t\t\t        <div data-scroll-on-click=\"no\" data-scroll-speed=\"300\" id=\"eael-advance-tabs-d78e1b5\" class=\"eael-advance-tabs eael-tabs-horizontal eael-tab-auto-active \" data-tabid=\"d78e1b5\">\n            <div class=\"eael-tabs-nav \">\n                <ul class=\"eael-tab-top-icon\" role=\"tablist\">\n                                            <li id=\"vam\" class=\"inactive eael-tab-item-trigger eael-tab-nav-item\" aria-selected=\"true\" data-tab=\"1\" role=\"tab\" tabindex=\"0\" aria-controls=\"vam-tab\" aria-expanded=\"false\">\n                            \n                                                        \n                            \n                                                            <span class=\"eael-tab-title title-after-icon\" >VAM<\/span>                                                    <\/li>\n                                            <li id=\"vpv\" class=\"inactive eael-tab-item-trigger eael-tab-nav-item\" aria-selected=\"false\" data-tab=\"2\" role=\"tab\" tabindex=\"-1\" aria-controls=\"vpv-tab\" aria-expanded=\"false\">\n                            \n                                                        \n                            \n                                                            <span class=\"eael-tab-title title-after-icon\" >VPV<\/span>                                                    <\/li>\n                                            <li id=\"nvm\" class=\"inactive eael-tab-item-trigger eael-tab-nav-item\" aria-selected=\"false\" data-tab=\"3\" role=\"tab\" tabindex=\"-1\" aria-controls=\"nvm-tab\" aria-expanded=\"false\">\n                            \n                                                        \n                            \n                                                            <span class=\"eael-tab-title title-after-icon\" >NVM<\/span>                                                    <\/li>\n                                            <li id=\"mpm\" class=\"inactive eael-tab-item-trigger eael-tab-nav-item\" aria-selected=\"false\" data-tab=\"4\" role=\"tab\" tabindex=\"-1\" aria-controls=\"mpm-tab\" aria-expanded=\"false\">\n                            \n                                                        \n                            \n                                                            <span class=\"eael-tab-title title-after-icon\" >MPM<\/span>                                                    <\/li>\n                                            <li id=\"bfn\" class=\"inactive eael-tab-item-trigger eael-tab-nav-item\" aria-selected=\"false\" data-tab=\"5\" role=\"tab\" tabindex=\"-1\" aria-controls=\"bfn-tab\" aria-expanded=\"false\">\n                            \n                                                        \n                            \n                                                            <span class=\"eael-tab-title title-after-icon\" >BFN<\/span>                                                    <\/li>\n                    \n                                  <\/ul>\n            <\/div>\n            \n            <div class=\"eael-tabs-content\">\n\t\t        \n                    <div id=\"vam-tab\" class=\"clearfix eael-tab-content-item inactive\" data-title-link=\"vam-tab\">\n\t\t\t\t        <h4>V\u00ddPO\u010cETN\u00cd A APLIKOVAN\u00c1 MATEMATIKA<\/h4><ul><li><strong>3D sko\u0159epinov\u00e9 elastick\u00e9 sm\u00ed\u0161en\u00e9 kone\u010dn\u00e9 prvky<\/strong> (3d Elastic Shell Mixed Finite Elements) &#8211; doc. Ing. Dalibor\u00a0 Luk\u00e1\u0161, Ph.D.\u00a0<\/li><li><strong>Anal\u00fdza spolehlivosti pomoc\u00ed Bayesovsk\u00fdch metod<\/strong> (Reliability analysis based on Bayesian methods) &#8211; prof. Ing. Radim Bri\u0161, CSc.\u00a0<\/li><li><strong>Aplikace teorie graf\u016f<\/strong> (Applied Graph Theory) &#8211; doc. Mgr. Petr Kov\u00e1\u0159, Ph.D.\u00a0<\/li><li><strong>Diskr\u00e9tn\u00ed dynamick\u00e9 syst\u00e9my na m\u0159\u00ed\u017ece<\/strong> (Discrete dynamical systems on a lattice) &#8211; doc. RNDr. Marek Lampart, Ph.D\u00a0<\/li><li><strong>Diskr\u00e9tn\u00ed optimaliza\u010dn\u00ed metody<\/strong> (Discrete Optimization Methods) &#8211; doc. Mgr. Petr Kov\u00e1\u0159, Ph.D.\u00a0<\/li><li><strong>Hled\u00e1n\u00ed optim\u00e1ln\u00ed trajektorie pr\u016fmyslov\u00e9ho robota<\/strong> (Optimal trajectory planning for an industrial robot) &#8211; doc. Ing. Petr Beremlijski, Ph.D.\u00a0<\/li><li><strong>Kombinace multigridu a dom\u00e9nov\u00e9 dekompozice<\/strong> (Coupling of Multigrid and Domain Decomposition Methods) &#8211; doc. Ing. Dalibor Luk\u00e1\u0161, Ph.D.\u00a0<\/li><li><strong>Kvantitativn\u00ed a kvalitativn\u00ed charakteristika \u0159e\u0161en\u00ed diferenc\u00ed\u00e1ln\u00edch rovnic<\/strong> (Quantitative and qualitative characteristic of the solution of differential equations) &#8211; doc. RNDr. Marek Lampart, Ph.D.<\/li><li><strong>Kvantitativn\u00ed charakteristika \u0159e\u0161en\u00ed diferen\u010dn\u00edch rovnic<\/strong> (Quantitative characteristic of the solution of difference equations) &#8211; doc. RNDr. Marek Lampart, Ph.D.<\/li><li><strong>Metody detekce dynamick\u00fdch vlastnost\u00ed mechanick\u00fdch soustav<\/strong> (Detection methods of dynamic properties of mechanical systems) &#8211; doc. RNDr. Marek Lampart, Ph.D.\u00a0<\/li><li><strong>Metody nehladk\u00e9 optimalizace pro in\u017een\u00fdrsk\u00e9 \u00falohy<\/strong> (Nonsmooth optimization methods for engineering problems) &#8211; doc. Ing. Petr Beremlijski, Ph.D.<\/li><li><strong>Paraleln\u00ed implementace FETI p\u0159\u00edstupu aplikovan\u00e9ho na kontaktn\u00ed \u00falohy v dynamice granul\u00e1rn\u00edch hmot<\/strong> (Parallel implementation of the FETI approach applied to contact problems in granular dynamics) &#8211; doc. Ing. David Hor\u00e1k, Ph.D.<\/li><li><strong>\u0158e\u0161en\u00ed okrajov\u00fdch \u00faloh pomoc\u00ed metody hrani\u010dn\u00edch prvk\u016f<\/strong> (Boundary Element Method and Boundary Value Problems) &#8211; prof. RNDr. Ji\u0159\u00ed Bouchala, Ph.D.<\/li><li><strong>Sm\u00ed\u0161en\u00e9 kone\u010dn\u00e9 prvky pro \u00falohy elastoplasticity<\/strong> (Mixed finite element method for elastoplastic problems) &#8211; doc. Ing. Martin \u010cerm\u00e1k, Ph.D.<\/li><li><strong>Stochastick\u00e9 modelov\u00e1n\u00ed \u00fadr\u017eby<\/strong> (Stochastic maintenance modelling) &#8211; prof. Ing. Radim Bri\u0161, CSc.<\/li><li><strong>Varia\u010dn\u00ed metody a \u0159e\u0161en\u00ed okrajov\u00fdch \u00faloh<\/strong> (Variational Methods and Boundary Value Problems) &#8211; prof. RNDr. Ji\u0159\u00ed Bouchala, Ph.D.<\/li><li><strong>V\u00fdvoj efektivn\u00edch algoritm\u016f na identifikaci kontakt\u016f pro in\u017een\u00fdrsk\u00e9 \u00falohy<\/strong> (Development of efficient algorithms for identification of contacts in engineering problems) &#8211; doc. Ing. Martin \u010cerm\u00e1k, Ph.D.<\/li><\/ul>                    <\/div>\n\t\t        \n                    <div id=\"vpv-tab\" class=\"clearfix eael-tab-content-item inactive\" data-title-link=\"vpv-tab\">\n\t\t\t\t        <div class=\"clearfix active\"><h4>V\u00ddPO\u010cETN\u00cd V\u011aDY<\/h4><ul><li><strong>Algoritmy numerick\u00e9 line\u00e1rn\u00ed algebry na nov\u00fdch paraleln\u00edch<\/strong> <strong>architektur\u00e1ch<\/strong> (Algorithms of numerical linear algebra for new parallel architectures) &#8211; doc. Mgr. V\u00edt Vondr\u00e1k, Ph.D.\u00a0<\/li><li><strong>Diskr\u00e9tn\u00ed dynamick\u00e9 syst\u00e9my na m\u0159\u00ed\u017ece<\/strong> (Discrete dynamical systems on a lattice) &#8211; doc. RNDr. Marek Lampart, Ph.D<\/li><li><strong>Kvantitativn\u00ed a kvalitativn\u00ed charakteristika \u0159e\u0161en\u00ed diferenc\u00ed\u00e1ln\u00edch rovnic<\/strong> (Quantitative and qualitative characteristic of the solution of differential equations) &#8211; doc. RNDr. Marek Lampart, Ph.D.<\/li><li><strong>Kvantitativn\u00ed charakteristika \u0159e\u0161en\u00ed diferen\u010dn\u00edch rovnic<\/strong> (Quantitative characteristic of the solution of difference equations) &#8211; doc. RNDr. Marek Lampart, Ph.D.<\/li><li><strong>Metody detekce dynamick\u00fdch vlastnost\u00ed mechanick\u00fdch soustav<\/strong> (Detection methods of dynamic properties of mechanical systems) &#8211; doc. RNDr. Marek Lampart, Ph.D.<\/li><li><strong>Modelov\u00e1n\u00ed vzniku molekulov\u00fdch iont\u016f v chladn\u00e9m plazmatu na b\u00e1zi vz\u00e1cn\u00fdch plyn\u016f<\/strong> (Modeling of molecular ions formation in cold rare-gas plasmas) &#8211; prof. RNDr. Ren\u00e9 Kalus, Ph.D.<\/li><li><strong>Paraleln\u00ed \u0159e\u0161en\u00ed inverzn\u00edch \u00faloh<\/strong> (Parallel solution of inverse problems) &#8211; doc. Mgr. V\u00edt Vondr\u00e1k, Ph.D.<\/li><li><strong>Rozpisy sportovn\u00edch turnaj\u016f<\/strong> (Scheduling sport tournaments) &#8211; doc. Mgr. Petr Kov\u00e1\u0159, Ph.D.<\/li><li><strong>\u0158\u00edzen\u00ed v\u00fdroby ve skl\u00e1\u0159sk\u00e9m pr\u016fmyslu metodami um\u011bl\u00e9 inteligence<\/strong> (Production control in glass industry via artificial intelligence approches) &#8211; prof. RNDr. Ren\u00e9 Kalus, Ph.D.<\/li><li><strong>\u0160k\u00e1lovateln\u00e9 \u0159e\u0161i\u010de rozs\u00e1hl\u00fdch dynamick\u00fdch kontaktn\u00edch \u00faloh se t\u0159en\u00edm<\/strong> (Scalable solvers for large, dynamic contact problems with friction) &#8211; prof. Ing. Tom\u00e1\u0161 Kozubek, Ph.D.<\/li><li><strong>Vizualizace v\u011bdeck\u00fdch v\u00fdstup\u016f z \u0159e\u0161en\u00ed rozs\u00e1hl\u00fdch \u00faloh v re\u00e1ln\u00e9m \u010dase<\/strong> (Visualization of scientific outputs from the solution of large-scale problems in real time) &#8211; prof. Ing. Tom\u00e1\u0161 Kozubek, Ph.D.<\/li><\/ul><\/div>                    <\/div>\n\t\t        \n                    <div id=\"nvm-tab\" class=\"clearfix eael-tab-content-item inactive\" data-title-link=\"nvm-tab\">\n\t\t\t\t        <div class=\"clearfix active\"><h4>MATEMATIKA \/ NUMERICK\u00c1 A V\u00ddPO\u010cTOV\u00c1 MATEMATIKA<\/h4><ul><li><strong>Backward stability in high-performance variants of Krylov subspace methods<\/strong> &#8211; Erin Claire Carson &#8211; DP4M6<\/li><li><strong>Error analysis of mixed precision neural network computations<\/strong> &#8211; Erin Claire Carson &#8211; DP4M6<\/li><li><strong>Problem partitioning for high-performace computations of systems of equations<\/strong> &#8211; Miroslav T\u016fma &#8211; DP4M6<\/li><li><strong>Convergence analysis of Krylov subspace methods<\/strong> &#8211; Petr Tich\u00fd &#8211; DP4M6<\/li><li><strong>Guaranteed error bounds in eigenvalue problems for elliptic differential operators<\/strong> &#8211; Tom\u00e1\u0161 Vejchodsk\u00fd &#8211; DP4M6<\/li><li><strong>Numerical approximation problems arising from the -Lanczos method<\/strong> &#8211; Stefano Pozza &#8211; DP4M6<\/li><li><strong>Mixed precision computations in numerical linear algebra<\/strong> &#8211; Erin Claire Carson &#8211; DP4M6<\/li><li><strong>The Effect of Inexactness on Convergence and Accuracy in Multigrid<\/strong> &#8211; Erin Claire Carson &#8211; DP4M6<\/li><\/ul><\/div>                    <\/div>\n\t\t        \n                    <div id=\"mpm-tab\" class=\"clearfix eael-tab-content-item inactive\" data-title-link=\"mpm-tab\">\n\t\t\t\t        <div class=\"clearfix active\"><h4>FYZIKA \/ MATEMATICK\u00c9 A PO\u010c\u00cdTA\u010cOV\u00c9 MODELOV\u00c1N\u00cd<\/h4><ul><li><strong>Analysis and implementation of iterative methods for solving saddle-point systems in applications<\/strong> &#8211; Miroslav Rozlo\u017en\u00edk<\/li><\/ul><\/div>                    <\/div>\n\t\t        \n                    <div id=\"bfn-tab\" class=\"clearfix eael-tab-content-item inactive\" data-title-link=\"bfn-tab\">\n\t\t\t\t        <h4>BIOFYZIKA A FYZIKA NANOSTRUKTUR<\/h4><div class=\"clearfix active\"><ul><li><strong>Modelov\u00e1n\u00ed exciton\u016f v polovodiv\u00fdch dvojrozm\u011brn\u00fdch MXenech<\/strong> (Exciton modeling in two-dimensional\u00a0MXene semiconductors) &#8211; Franti\u0161ek Karlick\u00fd<\/li><li><strong>Struktura fermionick\u00fdch vlnov\u00fdch funkc\u00ed v okupa\u010dn\u00edm a re\u00e1ln\u00e9m prostoru<\/strong> (Structure of fermionic wavefunctions in occupation and real space) -Mat\u00fa\u0161 Dubeck\u00fd<\/li><li><strong>Monte Carlo simulace molekul adsorbovan\u00fdch na 2D materi\u00e1lech<\/strong> (Monte Carlo simulations of molecules adsorbed on 2D materials) &#8211; Franti\u0161ek Karlick\u00fd, Ren\u00e9 Kalus (konzultant)<\/li><\/ul><\/div>                    <\/div>\n\t\t                    <\/div>\n        <\/div>\n\t\t\t\t<\/div>\n\t\t\t\t<\/div>\n\t\t\t\t\t<\/div>\n\t\t<\/div>\n\t\t\t\t\t<\/div>\n\t\t<\/section>\n\t\t\t\t<\/div>\n\t\t","protected":false},"excerpt":{"rendered":"<p>PRO AKADEMICK\u00dd ROK 2020\/2021 VAM VPV NVM MPM BFN V\u00ddPO\u010cETN\u00cd A APLIKOVAN\u00c1 MATEMATIKA 3D sko\u0159epinov\u00e9 elastick\u00e9 sm\u00ed\u0161en\u00e9 kone\u010dn\u00e9 prvky (3d Elastic Shell Mixed Finite Elements) &#8211; doc. Ing. Dalibor\u00a0 Luk\u00e1\u0161, Ph.D.\u00a0 Anal\u00fdza spolehlivosti pomoc\u00ed Bayesovsk\u00fdch metod (Reliability analysis based on Bayesian methods) &#8211; prof. Ing. Radim Bri\u0161, CSc.\u00a0 Aplikace teorie graf\u016f (Applied Graph Theory) &#8211; [&hellip;]<\/p>\n","protected":false},"author":1,"featured_media":0,"parent":1322,"menu_order":2,"comment_status":"closed","ping_status":"closed","template":"","meta":{"site-sidebar-layout":"no-sidebar","site-content-layout":"plain-container","ast-site-content-layout":"default","site-content-style":"default","site-sidebar-style":"default","ast-global-header-display":"","ast-banner-title-visibility":"","ast-main-header-display":"","ast-hfb-above-header-display":"","ast-hfb-below-header-display":"","ast-hfb-mobile-header-display":"","site-post-title":"","ast-breadcrumbs-content":"","ast-featured-img":"disabled","footer-sml-layout":"","ast-disable-related-posts":"","theme-transparent-header-meta":"default","adv-header-id-meta":"","stick-header-meta":"","header-above-stick-meta":"","header-main-stick-meta":"","header-below-stick-meta":"","astra-migrate-meta-layouts":"default","ast-page-background-enabled":"default","ast-page-background-meta":{"desktop":{"background-color":"","background-image":"","background-repeat":"repeat","background-position":"center center","background-size":"auto","background-attachment":"scroll","background-type":"","background-media":"","overlay-type":"","overlay-color":"","overlay-opacity":"","overlay-gradient":""},"tablet":{"background-color":"","background-image":"","background-repeat":"repeat","background-position":"center center","background-size":"auto","background-attachment":"scroll","background-type":"","background-media":"","overlay-type":"","overlay-color":"","overlay-opacity":"","overlay-gradient":""},"mobile":{"background-color":"","background-image":"","background-repeat":"repeat","background-position":"center center","background-size":"auto","background-attachment":"scroll","background-type":"","background-media":"","overlay-type":"","overlay-color":"","overlay-opacity":"","overlay-gradient":""}},"ast-content-background-meta":{"desktop":{"background-color":"var(--ast-global-color-5)","background-image":"","background-repeat":"repeat","background-position":"center center","background-size":"auto","background-attachment":"scroll","background-type":"","background-media":"","overlay-type":"","overlay-color":"","overlay-opacity":"","overlay-gradient":""},"tablet":{"background-color":"var(--ast-global-color-5)","background-image":"","background-repeat":"repeat","background-position":"center center","background-size":"auto","background-attachment":"scroll","background-type":"","background-media":"","overlay-type":"","overlay-color":"","overlay-opacity":"","overlay-gradient":""},"mobile":{"background-color":"var(--ast-global-color-5)","background-image":"","background-repeat":"repeat","background-position":"center center","background-size":"auto","background-attachment":"scroll","background-type":"","background-media":"","overlay-type":"","overlay-color":"","overlay-opacity":"","overlay-gradient":""}},"footnotes":""},"class_list":["post-1337","page","type-page","status-publish","hentry"],"_links":{"self":[{"href":"https:\/\/www.mathinhpc.cz\/CS\/wp-json\/wp\/v2\/pages\/1337","targetHints":{"allow":["GET"]}}],"collection":[{"href":"https:\/\/www.mathinhpc.cz\/CS\/wp-json\/wp\/v2\/pages"}],"about":[{"href":"https:\/\/www.mathinhpc.cz\/CS\/wp-json\/wp\/v2\/types\/page"}],"author":[{"embeddable":true,"href":"https:\/\/www.mathinhpc.cz\/CS\/wp-json\/wp\/v2\/users\/1"}],"replies":[{"embeddable":true,"href":"https:\/\/www.mathinhpc.cz\/CS\/wp-json\/wp\/v2\/comments?post=1337"}],"version-history":[{"count":48,"href":"https:\/\/www.mathinhpc.cz\/CS\/wp-json\/wp\/v2\/pages\/1337\/revisions"}],"predecessor-version":[{"id":2118,"href":"https:\/\/www.mathinhpc.cz\/CS\/wp-json\/wp\/v2\/pages\/1337\/revisions\/2118"}],"up":[{"embeddable":true,"href":"https:\/\/www.mathinhpc.cz\/CS\/wp-json\/wp\/v2\/pages\/1322"}],"wp:attachment":[{"href":"https:\/\/www.mathinhpc.cz\/CS\/wp-json\/wp\/v2\/media?parent=1337"}],"curies":[{"name":"wp","href":"https:\/\/api.w.org\/{rel}","templated":true}]}}