{"id":1339,"date":"2021-01-02T15:55:40","date_gmt":"2021-01-02T15:55:40","guid":{"rendered":"https:\/\/www.mathinhpc.cz\/CS\/?page_id=1339"},"modified":"2022-05-25T09:16:31","modified_gmt":"2022-05-25T08:16:31","slug":"obhajene-dizertacni-prace","status":"publish","type":"page","link":"https:\/\/www.mathinhpc.cz\/CS\/studium\/obhajene-dizertacni-prace\/","title":{"rendered":"OBH\u00c1JEN\u00c9 DIZERTA\u010cN\u00cd PR\u00c1CE"},"content":{"rendered":"\t\t<div data-elementor-type=\"wp-page\" data-elementor-id=\"1339\" class=\"elementor elementor-1339\" data-elementor-settings=\"{&quot;ha_cmc_init_switcher&quot;:&quot;no&quot;}\">\n\t\t\t\t\t\t<section class=\"has_eae_slider elementor-section elementor-top-section elementor-element elementor-element-02affad elementor-section-boxed elementor-section-height-default elementor-section-height-default\" data-eae-slider=\"6878\" data-id=\"02affad\" data-element_type=\"section\" data-e-type=\"section\" data-settings=\"{&quot;_ha_eqh_enable&quot;:false}\">\n\t\t\t\t\t\t<div class=\"elementor-container elementor-column-gap-default\">\n\t\t\t\t\t<div class=\"has_eae_slider elementor-column elementor-col-100 elementor-top-column elementor-element elementor-element-ae20aa1\" data-eae-slider=\"76683\" data-id=\"ae20aa1\" data-element_type=\"column\" data-e-type=\"column\">\n\t\t\t<div class=\"elementor-widget-wrap elementor-element-populated\">\n\t\t\t\t\t\t<div class=\"elementor-element elementor-element-a802a1f elementor-widget elementor-widget-spacer\" data-id=\"a802a1f\" data-element_type=\"widget\" data-e-type=\"widget\" data-widget_type=\"spacer.default\">\n\t\t\t\t<div class=\"elementor-widget-container\">\n\t\t\t\t\t\t\t<div class=\"elementor-spacer\">\n\t\t\t<div class=\"elementor-spacer-inner\"><\/div>\n\t\t<\/div>\n\t\t\t\t\t\t<\/div>\n\t\t\t\t<\/div>\n\t\t\t\t<div class=\"elementor-element elementor-element-b0d65ce elementor-widget elementor-widget-spacer\" data-id=\"b0d65ce\" data-element_type=\"widget\" data-e-type=\"widget\" data-widget_type=\"spacer.default\">\n\t\t\t\t<div class=\"elementor-widget-container\">\n\t\t\t\t\t\t\t<div class=\"elementor-spacer\">\n\t\t\t<div class=\"elementor-spacer-inner\"><\/div>\n\t\t<\/div>\n\t\t\t\t\t\t<\/div>\n\t\t\t\t<\/div>\n\t\t\t\t\t<\/div>\n\t\t<\/div>\n\t\t\t\t\t<\/div>\n\t\t<\/section>\n\t\t\t\t<section class=\"has_eae_slider elementor-section elementor-top-section elementor-element elementor-element-f828082 elementor-section-full_width elementor-section-height-default elementor-section-height-default\" data-eae-slider=\"64147\" data-id=\"f828082\" data-element_type=\"section\" data-e-type=\"section\" data-settings=\"{&quot;_ha_eqh_enable&quot;:false}\">\n\t\t\t\t\t\t<div class=\"elementor-container elementor-column-gap-default\">\n\t\t\t\t\t<div class=\"has_eae_slider elementor-column elementor-col-100 elementor-top-column elementor-element elementor-element-dd62a95\" data-eae-slider=\"11821\" data-id=\"dd62a95\" data-element_type=\"column\" data-e-type=\"column\">\n\t\t\t<div class=\"elementor-widget-wrap elementor-element-populated\">\n\t\t\t\t\t\t<div class=\"elementor-element elementor-element-cfc7ba1 ha-has-bg-overlay elementor-widget elementor-widget-eael-adv-tabs\" data-id=\"cfc7ba1\" data-element_type=\"widget\" data-e-type=\"widget\" data-widget_type=\"eael-adv-tabs.default\">\n\t\t\t\t<div class=\"elementor-widget-container\">\n\t\t\t\t\t        <div data-scroll-on-click=\"no\" data-scroll-speed=\"300\" id=\"eael-advance-tabs-cfc7ba1\" class=\"eael-advance-tabs eael-tabs-horizontal eael-tab-auto-active \" data-tabid=\"cfc7ba1\">\n            <div class=\"eael-tabs-nav \">\n                <ul class=\"eael-tab-top-icon\" role=\"tablist\">\n                                            <li id=\"vam\" class=\"active-default eael-tab-item-trigger eael-tab-nav-item\" aria-selected=\"true\" data-tab=\"1\" role=\"tab\" tabindex=\"0\" aria-controls=\"vam-tab\" aria-expanded=\"false\">\n                            \n                                                        \n                            \n                                                            <span class=\"eael-tab-title title-after-icon\" >VAM<\/span>                                                    <\/li>\n                                            <li id=\"vpv\" class=\" eael-tab-item-trigger eael-tab-nav-item\" aria-selected=\"false\" data-tab=\"2\" role=\"tab\" tabindex=\"-1\" aria-controls=\"vpv-tab\" aria-expanded=\"false\">\n                            \n                                                        \n                            \n                                                            <span class=\"eael-tab-title title-after-icon\" >VPV<\/span>                                                    <\/li>\n                                            <li id=\"nvm\" class=\"inactive eael-tab-item-trigger eael-tab-nav-item\" aria-selected=\"false\" data-tab=\"3\" role=\"tab\" tabindex=\"-1\" aria-controls=\"nvm-tab\" aria-expanded=\"false\">\n                            \n                                                        \n                            \n                                                            <span class=\"eael-tab-title title-after-icon\" >NVM<\/span>                                                    <\/li>\n                                            <li id=\"mpm\" class=\"inactive eael-tab-item-trigger eael-tab-nav-item\" aria-selected=\"false\" data-tab=\"4\" role=\"tab\" tabindex=\"-1\" aria-controls=\"mpm-tab\" aria-expanded=\"false\">\n                            \n                                                        \n                            \n                                                            <span class=\"eael-tab-title title-after-icon\" >MPM<\/span>                                                    <\/li>\n                                            <li id=\"bfn-\" class=\"inactive eael-tab-item-trigger eael-tab-nav-item\" aria-selected=\"false\" data-tab=\"5\" role=\"tab\" tabindex=\"-1\" aria-controls=\"bfn--tab\" aria-expanded=\"false\">\n                            \n                                                        \n                            \n                                                            <span class=\"eael-tab-title title-after-icon\" >BFN <\/span>                                                    <\/li>\n                    \n                                  <\/ul>\n            <\/div>\n            \n            <div class=\"eael-tabs-content\">\n\t\t        \n                    <div id=\"vam-tab\" class=\"clearfix eael-tab-content-item active-default\" data-title-link=\"vam-tab\">\n\t\t\t\t        <div class=\"clearfix active\"><h4>V\u00ddPO\u010cETN\u00cd A APLIKOVAN\u00c1 MATEMATIKA<\/h4><ul><li>Lenka P\u0159ibylov\u00e1 &#8211; <strong>Stochastick\u00e9 modelovan\u00ed a optimalizace rizik<\/strong> (Stochastic modeling and optimization of risks) &#8211; prof. Ing. Radim Bri\u0161, CSc. &#8211; 22. 11. 2019\u00a0<\/li><li>Thanh Tien Thach &#8211; <strong>Bayes approach to explore the mixture failure rate model<\/strong> &#8211; prof. Ing. Radim Bri\u0161, CSc. &#8211; 22. 11. 2019\u00a0<\/li><li>Rajko \u0106osi\u0107 &#8211; <b>Modeling of<\/b> <b>thermodynamics of quantum systems via path-integral Monte Carlo methods <\/b>&#8211; doc. RNDr. Ren\u00e9 Kalus, Ph.D. &#8211; 13. 03. 2020<\/li><li>Michal Krva\u010denko &#8211; <strong>Utilization of dicrete mathematics in parallel boundary element method<\/strong> (Vyu\u017eit\u00ed diskr\u00e9tn\u00ed matematiky v paraleln\u00ed metod\u011b hrani\u010dn\u00edch prvk\u016f) &#8211; doc. Ing. Dalibor Luk\u00e1\u0161, Ph.D. &#8211; 24. 3. 2022\u00a0<\/li><li>Martin Mrovec &#8211; <strong>Matematick\u00e9 metody v\u00fdpo\u010dt\u016f elektronov\u00e9 struktury velk\u00fdch syst\u00e9m\u016f<\/strong> (Mathematical methods for electronic structure calculations of large systems) &#8211; prof. RNDr. Ren\u00e9 Kalus, Ph.D. &#8211; 4. 4. 2022<\/li><\/ul><\/div>                    <\/div>\n\t\t        \n                    <div id=\"vpv-tab\" class=\"clearfix eael-tab-content-item \" data-title-link=\"vpv-tab\">\n\t\t\t\t        <div class=\"clearfix active\"><h4>V\u00ddPO\u010cETN\u00cd V\u011aDY<\/h4><ul><li>Martin Golasowski \u2013\u00a0<strong>High Performance Programming Models for Monte Carlo Methods<\/strong>\u00a0\u2013 doc. Mgr. Ji\u0159\u00ed Dvorsk\u00fd, Ph.D. \u2013\u00a03.6.2020<\/li><li>Ji\u0159\u00ed Tom\u010dala &#8211; <strong>Anal\u00fdza re\u00e1ln\u00fdch \u010dasov\u00fdch \u0159ad z hlediska p\u0159edv\u00eddatelnosti, entropie a chaosu<\/strong> (Real Time Series Analysis in Terms of Predictability, Entropy, and Chaos) &#8211;\u00a0doc. RNDr. Marek Lampart, Ph.D.\u00a0 &#8211; 31.8.2021<\/li><li>Milan Jaro\u0161 &#8211; <strong>Masivn\u011b paraleln\u00ed implementace algoritm\u016f po\u010d\u00edta\u010dov\u00e9 grafiky<\/strong> (Massively parallel implementation of algorithms for computer graphics) &#8211; prof. Ing. Tom\u00e1\u0161 Kozubek, Ph.D.\u00a0 &#8211; 29.4.2022\u00a0<\/li><\/ul><\/div>                    <\/div>\n\t\t        \n                    <div id=\"nvm-tab\" class=\"clearfix eael-tab-content-item inactive\" data-title-link=\"nvm-tab\">\n\t\t\t\t        <h4>MATEMATIKA \/ NUMERICK\u00c1 A V\u00ddPO\u010cTOV\u00c1 MATEMATIKA<\/h4><ul><li>Tom\u00e1\u0161 Gergelits &#8211; <strong>Krylov Subspace Methods &#8211; Analysis and Application<\/strong> &#8211; \u00a0prof. Ing. Strako\u0161 Zden\u011bk, DrSc. &#8211; 21.9.2020<\/li><li>Monika Bal\u00e1zsov\u00e1 &#8211;<strong> Numerical analysis of problems in time-dependent domains<\/strong> &#8211; prof. RNDr. Feistauer Miloslav, DrSc., dr. h. c. &#8211; 10.05.2021<\/li><\/ul>                    <\/div>\n\t\t        \n                    <div id=\"mpm-tab\" class=\"clearfix eael-tab-content-item inactive\" data-title-link=\"mpm-tab\">\n\t\t\t\t        <h4>FYZIKA \/ MATEMATICK\u00c9 A PO\u010c\u00cdTA\u010cOV\u00c9 MODELOV\u00c1N\u00cd<\/h4><p>\u00a0<\/p>                    <\/div>\n\t\t        \n                    <div id=\"bfn--tab\" class=\"clearfix eael-tab-content-item inactive\" data-title-link=\"bfn--tab\">\n\t\t\t\t        <h4>BIOFYZIKA A FYZIKA NANOSTRUKTUR<\/h4><ul><li>Miroslav Kolos &#8211; <strong>Po\u010d\u00edta\u010dov\u00e9 modelov\u00e1n\u00ed vlastnost\u00ed bin\u00e1rn\u00edch dvoudimenzion\u00e1ln\u00edch polovodi\u010d\u016f u\u017eit\u00edm mnoho\u010d\u00e1sticov\u00fdch metod <\/strong>(Computer modeling of two-dimensional binary semiconductors properties using many-body methods) &#8211;\u00a0 Mgr. Franti\u0161ek Karlick\u00fd, Ph.D. &#8211; 30.8.2021<\/li><\/ul>                    <\/div>\n\t\t                    <\/div>\n        <\/div>\n\t\t\t\t<\/div>\n\t\t\t\t<\/div>\n\t\t\t\t\t<\/div>\n\t\t<\/div>\n\t\t\t\t\t<\/div>\n\t\t<\/section>\n\t\t\t\t<\/div>\n\t\t","protected":false},"excerpt":{"rendered":"<p>VAM VPV NVM MPM BFN V\u00ddPO\u010cETN\u00cd A APLIKOVAN\u00c1 MATEMATIKA Lenka P\u0159ibylov\u00e1 &#8211; Stochastick\u00e9 modelovan\u00ed a optimalizace rizik (Stochastic modeling and optimization of risks) &#8211; prof. Ing. Radim Bri\u0161, CSc. &#8211; 22. 11. 2019\u00a0 Thanh Tien Thach &#8211; Bayes approach to explore the mixture failure rate model &#8211; prof. Ing. Radim Bri\u0161, CSc. &#8211; 22. 11. [&hellip;]<\/p>\n","protected":false},"author":1,"featured_media":0,"parent":1322,"menu_order":3,"comment_status":"closed","ping_status":"closed","template":"","meta":{"site-sidebar-layout":"no-sidebar","site-content-layout":"plain-container","ast-site-content-layout":"default","site-content-style":"default","site-sidebar-style":"default","ast-global-header-display":"","ast-banner-title-visibility":"","ast-main-header-display":"","ast-hfb-above-header-display":"","ast-hfb-below-header-display":"","ast-hfb-mobile-header-display":"","site-post-title":"","ast-breadcrumbs-content":"","ast-featured-img":"disabled","footer-sml-layout":"","ast-disable-related-posts":"","theme-transparent-header-meta":"default","adv-header-id-meta":"","stick-header-meta":"","header-above-stick-meta":"","header-main-stick-meta":"","header-below-stick-meta":"","astra-migrate-meta-layouts":"default","ast-page-background-enabled":"default","ast-page-background-meta":{"desktop":{"background-color":"","background-image":"","background-repeat":"repeat","background-position":"center center","background-size":"auto","background-attachment":"scroll","background-type":"","background-media":"","overlay-type":"","overlay-color":"","overlay-opacity":"","overlay-gradient":""},"tablet":{"background-color":"","background-image":"","background-repeat":"repeat","background-position":"center center","background-size":"auto","background-attachment":"scroll","background-type":"","background-media":"","overlay-type":"","overlay-color":"","overlay-opacity":"","overlay-gradient":""},"mobile":{"background-color":"","background-image":"","background-repeat":"repeat","background-position":"center center","background-size":"auto","background-attachment":"scroll","background-type":"","background-media":"","overlay-type":"","overlay-color":"","overlay-opacity":"","overlay-gradient":""}},"ast-content-background-meta":{"desktop":{"background-color":"var(--ast-global-color-5)","background-image":"","background-repeat":"repeat","background-position":"center center","background-size":"auto","background-attachment":"scroll","background-type":"","background-media":"","overlay-type":"","overlay-color":"","overlay-opacity":"","overlay-gradient":""},"tablet":{"background-color":"var(--ast-global-color-5)","background-image":"","background-repeat":"repeat","background-position":"center center","background-size":"auto","background-attachment":"scroll","background-type":"","background-media":"","overlay-type":"","overlay-color":"","overlay-opacity":"","overlay-gradient":""},"mobile":{"background-color":"var(--ast-global-color-5)","background-image":"","background-repeat":"repeat","background-position":"center center","background-size":"auto","background-attachment":"scroll","background-type":"","background-media":"","overlay-type":"","overlay-color":"","overlay-opacity":"","overlay-gradient":""}},"footnotes":""},"class_list":["post-1339","page","type-page","status-publish","hentry"],"_links":{"self":[{"href":"https:\/\/www.mathinhpc.cz\/CS\/wp-json\/wp\/v2\/pages\/1339","targetHints":{"allow":["GET"]}}],"collection":[{"href":"https:\/\/www.mathinhpc.cz\/CS\/wp-json\/wp\/v2\/pages"}],"about":[{"href":"https:\/\/www.mathinhpc.cz\/CS\/wp-json\/wp\/v2\/types\/page"}],"author":[{"embeddable":true,"href":"https:\/\/www.mathinhpc.cz\/CS\/wp-json\/wp\/v2\/users\/1"}],"replies":[{"embeddable":true,"href":"https:\/\/www.mathinhpc.cz\/CS\/wp-json\/wp\/v2\/comments?post=1339"}],"version-history":[{"count":102,"href":"https:\/\/www.mathinhpc.cz\/CS\/wp-json\/wp\/v2\/pages\/1339\/revisions"}],"predecessor-version":[{"id":2317,"href":"https:\/\/www.mathinhpc.cz\/CS\/wp-json\/wp\/v2\/pages\/1339\/revisions\/2317"}],"up":[{"embeddable":true,"href":"https:\/\/www.mathinhpc.cz\/CS\/wp-json\/wp\/v2\/pages\/1322"}],"wp:attachment":[{"href":"https:\/\/www.mathinhpc.cz\/CS\/wp-json\/wp\/v2\/media?parent=1339"}],"curies":[{"name":"wp","href":"https:\/\/api.w.org\/{rel}","templated":true}]}}