{"id":1361,"date":"2021-01-02T16:01:02","date_gmt":"2021-01-02T16:01:02","guid":{"rendered":"https:\/\/www.mathinhpc.cz\/CS\/?page_id=1361"},"modified":"2022-05-10T11:59:05","modified_gmt":"2022-05-10T10:59:05","slug":"akce","status":"publish","type":"page","link":"https:\/\/www.mathinhpc.cz\/CS\/akce\/","title":{"rendered":"AKCE"},"content":{"rendered":"\t\t<div data-elementor-type=\"wp-page\" data-elementor-id=\"1361\" class=\"elementor elementor-1361\" data-elementor-settings=\"{&quot;ha_cmc_init_switcher&quot;:&quot;no&quot;}\">\n\t\t\t\t\t\t<section class=\"has_eae_slider elementor-section elementor-top-section elementor-element elementor-element-eade696 elementor-section-boxed elementor-section-height-default elementor-section-height-default\" data-eae-slider=\"1310\" data-id=\"eade696\" data-element_type=\"section\" data-e-type=\"section\" data-settings=\"{&quot;_ha_eqh_enable&quot;:false}\">\n\t\t\t\t\t\t<div class=\"elementor-container elementor-column-gap-default\">\n\t\t\t\t\t<div class=\"has_eae_slider elementor-column elementor-col-100 elementor-top-column elementor-element elementor-element-a639e01\" data-eae-slider=\"26498\" data-id=\"a639e01\" data-element_type=\"column\" data-e-type=\"column\">\n\t\t\t<div class=\"elementor-widget-wrap elementor-element-populated\">\n\t\t\t\t\t\t<div class=\"elementor-element elementor-element-94c8447 elementor-widget elementor-widget-spacer\" data-id=\"94c8447\" data-element_type=\"widget\" data-e-type=\"widget\" data-widget_type=\"spacer.default\">\n\t\t\t\t<div class=\"elementor-widget-container\">\n\t\t\t\t\t\t\t<div class=\"elementor-spacer\">\n\t\t\t<div class=\"elementor-spacer-inner\"><\/div>\n\t\t<\/div>\n\t\t\t\t\t\t<\/div>\n\t\t\t\t<\/div>\n\t\t\t\t<div class=\"elementor-element elementor-element-dc8a4fa elementor-widget elementor-widget-text-editor\" data-id=\"dc8a4fa\" data-element_type=\"widget\" data-e-type=\"widget\" data-widget_type=\"text-editor.default\">\n\t\t\t\t<div class=\"elementor-widget-container\">\n\t\t\t\t\t\t\t\t\t<p>Hlavn\u00edmi akcemi po\u0159\u00e1dan\u00fdmi doktorskou \u0161kolou jsou <strong>konference, workshopy a tematick\u00e9 <\/strong><strong>semin\u00e1\u0159e<\/strong>, <strong>sez\u00f3nn\u00ed \u0161koly <\/strong>a <strong>obhajoby doktorsk\u00fdch dizerta\u010dn\u00edch prac\u00ed<\/strong>\u00a0 student\u016f doktorsk\u00fdch program\u016f ve \u0161kole sdru\u017een\u00fdch.<\/p>\t\t\t\t\t\t\t\t<\/div>\n\t\t\t\t<\/div>\n\t\t\t\t<div class=\"elementor-element elementor-element-72435d5 elementor-widget elementor-widget-spacer\" data-id=\"72435d5\" data-element_type=\"widget\" data-e-type=\"widget\" data-widget_type=\"spacer.default\">\n\t\t\t\t<div class=\"elementor-widget-container\">\n\t\t\t\t\t\t\t<div class=\"elementor-spacer\">\n\t\t\t<div class=\"elementor-spacer-inner\"><\/div>\n\t\t<\/div>\n\t\t\t\t\t\t<\/div>\n\t\t\t\t<\/div>\n\t\t\t\t\t<\/div>\n\t\t<\/div>\n\t\t\t\t\t<\/div>\n\t\t<\/section>\n\t\t\t\t<section class=\"has_eae_slider elementor-section elementor-top-section elementor-element elementor-element-ac4c1ca elementor-section-full_width elementor-section-height-default elementor-section-height-default\" data-eae-slider=\"56940\" data-id=\"ac4c1ca\" data-element_type=\"section\" data-e-type=\"section\" data-settings=\"{&quot;_ha_eqh_enable&quot;:false}\">\n\t\t\t\t\t\t<div class=\"elementor-container elementor-column-gap-default\">\n\t\t\t\t\t<div class=\"has_eae_slider elementor-column elementor-col-50 elementor-top-column elementor-element elementor-element-1f27f8a\" data-eae-slider=\"58264\" data-id=\"1f27f8a\" data-element_type=\"column\" data-e-type=\"column\">\n\t\t\t<div class=\"elementor-widget-wrap elementor-element-populated\">\n\t\t\t\t\t\t<div class=\"elementor-element elementor-element-6b3998a eae-pl-img-align-none elementor-widget elementor-widget-wts-postlist\" data-id=\"6b3998a\" data-element_type=\"widget\" data-e-type=\"widget\" data-widget_type=\"wts-postlist.default\">\n\t\t\t\t<div class=\"elementor-widget-container\">\n\t\t\t\t\t\t\t\t<div class=\"wts-eae-pl-wrapper\">\n\t\t\t\t\t\t\t\t\t\t<ul>\n\t\t\t\t\t\t\t\t\t\t\t\t\t\t<li>\n\t\t\t\t\t\t\t\t\t\t\t\t\t\t\t\t\t\t\t\t\t\t\t<div class=\"eae-pl-image-wrapper\">\n\t\t\t\t\t\t\t\t\t\t<a href=\"https:\/\/www.mathinhpc.cz\/CS\/2021\/11\/10\/panm-2022\/\" title=\"PANM 2022\">\n\t\t\t\t\t\t\t\t\t\t\t<img fetchpriority=\"high\" decoding=\"async\" width=\"300\" height=\"200\" src=\"https:\/\/www.mathinhpc.cz\/CS\/wp-content\/uploads\/2021\/11\/PANM20_foto_rousky-300x200.jpg\" class=\"attachment-medium size-medium wp-post-image\" alt=\"\" srcset=\"https:\/\/www.mathinhpc.cz\/CS\/wp-content\/uploads\/2021\/11\/PANM20_foto_rousky-300x200.jpg 300w, https:\/\/www.mathinhpc.cz\/CS\/wp-content\/uploads\/2021\/11\/PANM20_foto_rousky-1024x683.jpg 1024w, https:\/\/www.mathinhpc.cz\/CS\/wp-content\/uploads\/2021\/11\/PANM20_foto_rousky-768x512.jpg 768w, https:\/\/www.mathinhpc.cz\/CS\/wp-content\/uploads\/2021\/11\/PANM20_foto_rousky-1536x1024.jpg 1536w, https:\/\/www.mathinhpc.cz\/CS\/wp-content\/uploads\/2021\/11\/PANM20_foto_rousky-2048x1365.jpg 2048w\" sizes=\"(max-width: 300px) 100vw, 300px\" \/>\t\t\t\t\t\t\t\t\t\t<\/a>\n\t\t\t\t\t\t\t\t\t<\/div>\n\t\t\t\t\t\t\t\t\t\t\t\t\t\t\t\t\t\t<div class=\"eae-pl-content-box-wrapper\">\n\n\t\t\t\t\t\t\t\t\t\t\t\t\t\t\t\t\t\t\t<h3 class=\"eae-pl-title\"><a href=\"https:\/\/www.mathinhpc.cz\/CS\/2021\/11\/10\/panm-2022\/\" title=\"PANM 2022\">PANM 2022<\/a><\/h3>\n\t\t\t\t\t\t\t\t\t\n\t\t\t\t\t\t\t\t\t\t\t\t\t\t\t\t\t\t\t<div class=\"eae-pl-content-box\">\n\t\t\t\t\t\t\t\t\t\t\t19. - 24.6.2022 - Jablonec nad Nisou\t\t\t\t\t\t\t\t\t\t<\/div>\n\t\t\t\t\t\t\t\t\t\n\t\t\t\t\t\t\t\t\t\t\t\t\t\t\t\t\t\t\t<div class=\"eae-pl-readmore\">\n\t\t\t\t\t\t\t\t\t\t\t<a href=\"https:\/\/www.mathinhpc.cz\/CS\/2021\/11\/10\/panm-2022\/\" title=\"PANM 2022\">V\u00edce<\/a>\n\t\t\t\t\t\t\t\t\t\t<\/div>\n\t\t\t\t\t\t\t\t\t\t\t\t\t\t\t\t\t\t<\/div>\n\t\t\t\t\t\t\t\t<\/li>\n\t\t\t\t\t\t\t\t\t\t\t\t\t\t\t<li>\n\t\t\t\t\t\t\t\t\t\t\t\t\t\t\t\t\t\t\t\t\t\t\t<div class=\"eae-pl-image-wrapper\">\n\t\t\t\t\t\t\t\t\t\t<a href=\"https:\/\/www.mathinhpc.cz\/CS\/2021\/11\/10\/dd27\/\" title=\"DD27\">\n\t\t\t\t\t\t\t\t\t\t\t<img decoding=\"async\" width=\"300\" height=\"111\" src=\"https:\/\/www.mathinhpc.cz\/CS\/wp-content\/uploads\/2021\/11\/ccad232c-c512-4f24-969f-6bf93ef30cec@w1600-300x111.webp\" class=\"attachment-medium size-medium wp-post-image\" alt=\"\" srcset=\"https:\/\/www.mathinhpc.cz\/CS\/wp-content\/uploads\/2021\/11\/ccad232c-c512-4f24-969f-6bf93ef30cec@w1600-300x111.webp 300w, https:\/\/www.mathinhpc.cz\/CS\/wp-content\/uploads\/2021\/11\/ccad232c-c512-4f24-969f-6bf93ef30cec@w1600-1024x378.webp 1024w, https:\/\/www.mathinhpc.cz\/CS\/wp-content\/uploads\/2021\/11\/ccad232c-c512-4f24-969f-6bf93ef30cec@w1600-768x283.webp 768w, https:\/\/www.mathinhpc.cz\/CS\/wp-content\/uploads\/2021\/11\/ccad232c-c512-4f24-969f-6bf93ef30cec@w1600.webp 1440w\" sizes=\"(max-width: 300px) 100vw, 300px\" \/>\t\t\t\t\t\t\t\t\t\t<\/a>\n\t\t\t\t\t\t\t\t\t<\/div>\n\t\t\t\t\t\t\t\t\t\t\t\t\t\t\t\t\t\t<div class=\"eae-pl-content-box-wrapper\">\n\n\t\t\t\t\t\t\t\t\t\t\t\t\t\t\t\t\t\t\t<h3 class=\"eae-pl-title\"><a href=\"https:\/\/www.mathinhpc.cz\/CS\/2021\/11\/10\/dd27\/\" title=\"DD27\">DD27<\/a><\/h3>\n\t\t\t\t\t\t\t\t\t\n\t\t\t\t\t\t\t\t\t\t\t\t\t\t\t\t\t\t\t<div class=\"eae-pl-content-box\">\n\t\t\t\t\t\t\t\t\t\t\t25. - 29.7.2022 - Praha\t\t\t\t\t\t\t\t\t\t<\/div>\n\t\t\t\t\t\t\t\t\t\n\t\t\t\t\t\t\t\t\t\t\t\t\t\t\t\t\t\t\t<div class=\"eae-pl-readmore\">\n\t\t\t\t\t\t\t\t\t\t\t<a href=\"https:\/\/www.mathinhpc.cz\/CS\/2021\/11\/10\/dd27\/\" title=\"DD27\">V\u00edce<\/a>\n\t\t\t\t\t\t\t\t\t\t<\/div>\n\t\t\t\t\t\t\t\t\t\t\t\t\t\t\t\t\t\t<\/div>\n\t\t\t\t\t\t\t\t<\/li>\n\t\t\t\t\t\t\t\t\t\t\t\t\t<\/ul>\n\t\t\t\t\t\t\t\t\t<\/div>\n\t\t\t\t\t\t<\/div>\n\t\t\t\t<\/div>\n\t\t\t\t\t<\/div>\n\t\t<\/div>\n\t\t\t\t<div class=\"has_eae_slider elementor-column elementor-col-50 elementor-top-column elementor-element elementor-element-7fe0f28\" data-eae-slider=\"27984\" data-id=\"7fe0f28\" data-element_type=\"column\" data-e-type=\"column\">\n\t\t\t<div class=\"elementor-widget-wrap elementor-element-populated\">\n\t\t\t\t\t\t<div class=\"elementor-element elementor-element-aed0a65 eae-pl-img-align-none elementor-widget elementor-widget-wts-postlist\" data-id=\"aed0a65\" data-element_type=\"widget\" data-e-type=\"widget\" data-widget_type=\"wts-postlist.default\">\n\t\t\t\t<div class=\"elementor-widget-container\">\n\t\t\t\t\t\t\t\t<div class=\"wts-eae-pl-wrapper\">\n\t\t\t\t\t\t\t\t\t\t<ul>\n\t\t\t\t\t\t\t\t\t\t\t\t\t\t<li>\n\t\t\t\t\t\t\t\t\t\t\t\t\t\t\t\t\t\t\t\t\t\t\t<div class=\"eae-pl-image-wrapper\">\n\t\t\t\t\t\t\t\t\t\t<a href=\"https:\/\/www.mathinhpc.cz\/CS\/2020\/02\/18\/kacov\/\" title=\"ESSAM MASC School 2023 K\u00e1cov\">\n\t\t\t\t\t\t\t\t\t\t\t<img decoding=\"async\" width=\"300\" height=\"200\" src=\"https:\/\/www.mathinhpc.cz\/CS\/wp-content\/uploads\/2021\/01\/Kacov-300x200.jpg\" class=\"attachment-medium size-medium wp-post-image\" alt=\"\" srcset=\"https:\/\/www.mathinhpc.cz\/CS\/wp-content\/uploads\/2021\/01\/Kacov-300x200.jpg 300w, https:\/\/www.mathinhpc.cz\/CS\/wp-content\/uploads\/2021\/01\/Kacov.jpg 650w\" sizes=\"(max-width: 300px) 100vw, 300px\" \/>\t\t\t\t\t\t\t\t\t\t<\/a>\n\t\t\t\t\t\t\t\t\t<\/div>\n\t\t\t\t\t\t\t\t\t\t\t\t\t\t\t\t\t\t<div class=\"eae-pl-content-box-wrapper\">\n\n\t\t\t\t\t\t\t\t\t\t\t\t\t\t\t\t\t\t\t<h3 class=\"eae-pl-title\"><a href=\"https:\/\/www.mathinhpc.cz\/CS\/2020\/02\/18\/kacov\/\" title=\"ESSAM MASC School 2023 K\u00e1cov\">ESSAM MASC School 2023 K\u00e1cov<\/a><\/h3>\n\t\t\t\t\t\t\t\t\t\n\t\t\t\t\t\t\t\t\t\t\t\t\t\t\t\t\t\t\t<div class=\"eae-pl-content-box\">\n\t\t\t\t\t\t\t\t\t\t\t28.5. - 2.6.2023 - K\u00e1cov\t\t\t\t\t\t\t\t\t\t<\/div>\n\t\t\t\t\t\t\t\t\t\n\t\t\t\t\t\t\t\t\t\t\t\t\t\t\t\t\t\t\t<div class=\"eae-pl-readmore\">\n\t\t\t\t\t\t\t\t\t\t\t<a href=\"https:\/\/www.mathinhpc.cz\/CS\/2020\/02\/18\/kacov\/\" title=\"ESSAM MASC School 2023 K\u00e1cov\">V\u00edce<\/a>\n\t\t\t\t\t\t\t\t\t\t<\/div>\n\t\t\t\t\t\t\t\t\t\t\t\t\t\t\t\t\t\t<\/div>\n\t\t\t\t\t\t\t\t<\/li>\n\t\t\t\t\t\t\t\t\t\t\t\t\t<\/ul>\n\t\t\t\t\t\t\t\t\t<\/div>\n\t\t\t\t\t\t<\/div>\n\t\t\t\t<\/div>\n\t\t\t\t\t<\/div>\n\t\t<\/div>\n\t\t\t\t\t<\/div>\n\t\t<\/section>\n\t\t\t\t<section class=\"has_eae_slider elementor-section elementor-top-section elementor-element elementor-element-15f6b1b elementor-section-boxed elementor-section-height-default elementor-section-height-default\" data-eae-slider=\"56807\" data-id=\"15f6b1b\" data-element_type=\"section\" data-e-type=\"section\" data-settings=\"{&quot;_ha_eqh_enable&quot;:false}\">\n\t\t\t\t\t\t<div class=\"elementor-container elementor-column-gap-default\">\n\t\t\t\t\t<div class=\"has_eae_slider elementor-column elementor-col-100 elementor-top-column elementor-element elementor-element-7f65b40\" data-eae-slider=\"73114\" data-id=\"7f65b40\" data-element_type=\"column\" data-e-type=\"column\">\n\t\t\t<div class=\"elementor-widget-wrap elementor-element-populated\">\n\t\t\t\t\t\t<div class=\"elementor-element elementor-element-fd4060a elementor-widget elementor-widget-heading\" data-id=\"fd4060a\" data-element_type=\"widget\" data-e-type=\"widget\" data-widget_type=\"heading.default\">\n\t\t\t\t<div class=\"elementor-widget-container\">\n\t\t\t\t\t<h5 class=\"elementor-heading-title elementor-size-default\">OBHAJOBY DIZERTA\u010cN\u00cdCH PRAC\u00cd\u200b<\/h5>\t\t\t\t<\/div>\n\t\t\t\t<\/div>\n\t\t\t\t<section class=\"has_eae_slider elementor-section elementor-inner-section elementor-element elementor-element-4c4c5f1 elementor-section-boxed elementor-section-height-default elementor-section-height-default\" data-eae-slider=\"8463\" data-id=\"4c4c5f1\" data-element_type=\"section\" data-e-type=\"section\" data-settings=\"{&quot;_ha_eqh_enable&quot;:false}\">\n\t\t\t\t\t\t<div class=\"elementor-container elementor-column-gap-default\">\n\t\t\t\t\t<div class=\"has_eae_slider elementor-column elementor-col-100 elementor-inner-column elementor-element elementor-element-11e5360\" data-eae-slider=\"6528\" data-id=\"11e5360\" data-element_type=\"column\" data-e-type=\"column\">\n\t\t\t<div class=\"elementor-widget-wrap elementor-element-populated\">\n\t\t\t\t\t\t<div class=\"elementor-element elementor-element-a8895d6 elementor-widget elementor-widget-heading\" data-id=\"a8895d6\" data-element_type=\"widget\" data-e-type=\"widget\" data-widget_type=\"heading.default\">\n\t\t\t\t<div class=\"elementor-widget-container\">\n\t\t\t\t\t<h6 class=\"elementor-heading-title elementor-size-default\">PL\u00c1NOVAN\u00c9 OBHAJOBY <\/h6>\t\t\t\t<\/div>\n\t\t\t\t<\/div>\n\t\t\t\t<div class=\"elementor-element elementor-element-d105df3 elementor-widget elementor-widget-text-editor\" data-id=\"d105df3\" data-element_type=\"widget\" data-e-type=\"widget\" data-widget_type=\"text-editor.default\">\n\t\t\t\t<div class=\"elementor-widget-container\">\n\t\t\t\t\t\t\t\t\t<p style=\"margin-left: 36.0pt;\">V sou\u010dasnosti nejsou pl\u00e1nov\u00e1ny \u017e\u00e1dn\u00e9 obhajoby.\u00a0<\/p><p style=\"margin-left: 36.0pt;\">\u00a0<\/p>\t\t\t\t\t\t\t\t<\/div>\n\t\t\t\t<\/div>\n\t\t\t\t\t<\/div>\n\t\t<\/div>\n\t\t\t\t\t<\/div>\n\t\t<\/section>\n\t\t\t\t\t<\/div>\n\t\t<\/div>\n\t\t\t\t\t<\/div>\n\t\t<\/section>\n\t\t\t\t<\/div>\n\t\t","protected":false},"excerpt":{"rendered":"<p>Hlavn\u00edmi akcemi po\u0159\u00e1dan\u00fdmi doktorskou \u0161kolou jsou konference, workshopy a tematick\u00e9 semin\u00e1\u0159e, sez\u00f3nn\u00ed \u0161koly a obhajoby doktorsk\u00fdch dizerta\u010dn\u00edch prac\u00ed\u00a0 student\u016f doktorsk\u00fdch program\u016f ve \u0161kole sdru\u017een\u00fdch. PANM 2022 19. &#8211; 24.6.2022 &#8211; Hejnice Programy a algoritmy numerick\u00e9 matematiky V\u00edce HPCSE 2022 16. &#8211; 19.5.2022 &#8211; Hotel Sol\u00e1\u0148, Ro\u017enov pod Radho\u0161t\u011bm V\u00edce ESSAM MASC School 2022 K\u00e1cov 29.5. [&hellip;]<\/p>\n","protected":false},"author":1,"featured_media":0,"parent":0,"menu_order":0,"comment_status":"closed","ping_status":"closed","template":"","meta":{"site-sidebar-layout":"no-sidebar","site-content-layout":"plain-container","ast-site-content-layout":"default","site-content-style":"default","site-sidebar-style":"default","ast-global-header-display":"","ast-banner-title-visibility":"","ast-main-header-display":"","ast-hfb-above-header-display":"","ast-hfb-below-header-display":"","ast-hfb-mobile-header-display":"","site-post-title":"","ast-breadcrumbs-content":"","ast-featured-img":"","footer-sml-layout":"","ast-disable-related-posts":"","theme-transparent-header-meta":"default","adv-header-id-meta":"","stick-header-meta":"","header-above-stick-meta":"","header-main-stick-meta":"","header-below-stick-meta":"","astra-migrate-meta-layouts":"default","ast-page-background-enabled":"default","ast-page-background-meta":{"desktop":{"background-color":"","background-image":"","background-repeat":"repeat","background-position":"center center","background-size":"auto","background-attachment":"scroll","background-type":"","background-media":"","overlay-type":"","overlay-color":"","overlay-opacity":"","overlay-gradient":""},"tablet":{"background-color":"","background-image":"","background-repeat":"repeat","background-position":"center center","background-size":"auto","background-attachment":"scroll","background-type":"","background-media":"","overlay-type":"","overlay-color":"","overlay-opacity":"","overlay-gradient":""},"mobile":{"background-color":"","background-image":"","background-repeat":"repeat","background-position":"center center","background-size":"auto","background-attachment":"scroll","background-type":"","background-media":"","overlay-type":"","overlay-color":"","overlay-opacity":"","overlay-gradient":""}},"ast-content-background-meta":{"desktop":{"background-color":"var(--ast-global-color-5)","background-image":"","background-repeat":"repeat","background-position":"center center","background-size":"auto","background-attachment":"scroll","background-type":"","background-media":"","overlay-type":"","overlay-color":"","overlay-opacity":"","overlay-gradient":""},"tablet":{"background-color":"var(--ast-global-color-5)","background-image":"","background-repeat":"repeat","background-position":"center center","background-size":"auto","background-attachment":"scroll","background-type":"","background-media":"","overlay-type":"","overlay-color":"","overlay-opacity":"","overlay-gradient":""},"mobile":{"background-color":"var(--ast-global-color-5)","background-image":"","background-repeat":"repeat","background-position":"center center","background-size":"auto","background-attachment":"scroll","background-type":"","background-media":"","overlay-type":"","overlay-color":"","overlay-opacity":"","overlay-gradient":""}},"footnotes":""},"class_list":["post-1361","page","type-page","status-publish","hentry"],"_links":{"self":[{"href":"https:\/\/www.mathinhpc.cz\/CS\/wp-json\/wp\/v2\/pages\/1361","targetHints":{"allow":["GET"]}}],"collection":[{"href":"https:\/\/www.mathinhpc.cz\/CS\/wp-json\/wp\/v2\/pages"}],"about":[{"href":"https:\/\/www.mathinhpc.cz\/CS\/wp-json\/wp\/v2\/types\/page"}],"author":[{"embeddable":true,"href":"https:\/\/www.mathinhpc.cz\/CS\/wp-json\/wp\/v2\/users\/1"}],"replies":[{"embeddable":true,"href":"https:\/\/www.mathinhpc.cz\/CS\/wp-json\/wp\/v2\/comments?post=1361"}],"version-history":[{"count":37,"href":"https:\/\/www.mathinhpc.cz\/CS\/wp-json\/wp\/v2\/pages\/1361\/revisions"}],"predecessor-version":[{"id":2301,"href":"https:\/\/www.mathinhpc.cz\/CS\/wp-json\/wp\/v2\/pages\/1361\/revisions\/2301"}],"wp:attachment":[{"href":"https:\/\/www.mathinhpc.cz\/CS\/wp-json\/wp\/v2\/media?parent=1361"}],"curies":[{"name":"wp","href":"https:\/\/api.w.org\/{rel}","templated":true}]}}