{"id":340,"date":"2019-03-21T13:32:59","date_gmt":"2019-03-21T13:32:59","guid":{"rendered":"https:\/\/www.mathinhpc.cz\/CS\/home\/"},"modified":"2025-09-23T11:13:59","modified_gmt":"2025-09-23T10:13:59","slug":"home","status":"publish","type":"page","link":"https:\/\/www.mathinhpc.cz\/CS\/","title":{"rendered":"KDO JSME"},"content":{"rendered":"\t\t<div data-elementor-type=\"wp-post\" data-elementor-id=\"340\" class=\"elementor elementor-340\" data-elementor-settings=\"{&quot;ha_cmc_init_switcher&quot;:&quot;no&quot;}\">\n\t\t\t\t\t\t<section class=\"has_eae_slider elementor-section elementor-top-section elementor-element elementor-element-77ccb31 elementor-section-stretched elementor-section-boxed elementor-section-height-default elementor-section-height-default\" data-eae-slider=\"83621\" data-id=\"77ccb31\" data-element_type=\"section\" data-e-type=\"section\" data-settings=\"{&quot;background_background&quot;:&quot;classic&quot;,&quot;stretch_section&quot;:&quot;section-stretched&quot;}\">\n\t\t\t\t\t\t\t<div class=\"elementor-background-overlay\"><\/div>\n\t\t\t\t\t\t\t<div class=\"elementor-container elementor-column-gap-default\">\n\t\t\t\t\t<div class=\"has_eae_slider elementor-column elementor-col-100 elementor-top-column elementor-element elementor-element-c6408c8 envato-kit-62-home\" data-eae-slider=\"27089\" data-id=\"c6408c8\" data-element_type=\"column\" data-e-type=\"column\" data-settings=\"{&quot;background_background&quot;:&quot;classic&quot;}\">\n\t\t\t<div class=\"elementor-widget-wrap elementor-element-populated\">\n\t\t\t\t\t\t<div class=\"elementor-element elementor-element-8ff179e elementor-widget elementor-widget-spacer\" data-id=\"8ff179e\" data-element_type=\"widget\" data-e-type=\"widget\" data-widget_type=\"spacer.default\">\n\t\t\t\t<div class=\"elementor-widget-container\">\n\t\t\t\t\t\t\t<div class=\"elementor-spacer\">\n\t\t\t<div class=\"elementor-spacer-inner\"><\/div>\n\t\t<\/div>\n\t\t\t\t\t\t<\/div>\n\t\t\t\t<\/div>\n\t\t\t\t<div class=\"elementor-element elementor-element-de72c4a elementor-widget elementor-widget-heading\" data-id=\"de72c4a\" data-element_type=\"widget\" data-e-type=\"widget\" data-widget_type=\"heading.default\">\n\t\t\t\t<div class=\"elementor-widget-container\">\n\t\t\t\t\t<h1 class=\"elementor-heading-title elementor-size-default\">DOKTORSK\u00c1 \u0160KOLA<\/h1>\t\t\t\t<\/div>\n\t\t\t\t<\/div>\n\t\t\t\t<div class=\"elementor-element elementor-element-a6b9565 elementor-widget elementor-widget-heading\" data-id=\"a6b9565\" data-element_type=\"widget\" data-e-type=\"widget\" data-widget_type=\"heading.default\">\n\t\t\t\t<div class=\"elementor-widget-container\">\n\t\t\t\t\t<h3 class=\"elementor-heading-title elementor-size-default\">MathInHPC<\/h3>\t\t\t\t<\/div>\n\t\t\t\t<\/div>\n\t\t\t\t<div class=\"elementor-element elementor-element-1ff9680 elementor-align-center elementor-button-success elementor-widget elementor-widget-button\" data-id=\"1ff9680\" data-element_type=\"widget\" data-e-type=\"widget\" data-widget_type=\"button.default\">\n\t\t\t\t<div class=\"elementor-widget-container\">\n\t\t\t\t\t\t\t\t\t<div class=\"elementor-button-wrapper\">\n\t\t\t\t\t<a class=\"elementor-button elementor-button-link elementor-size-sm\" href=\"https:\/\/www.mathinhpc.cz\/CS\/studium\/doktorske-programy\/\">\n\t\t\t\t\t\t<span class=\"elementor-button-content-wrapper\">\n\t\t\t\t\t\t<span class=\"elementor-button-icon\">\n\t\t\t\t<i aria-hidden=\"true\" class=\"fas fa-square-root-alt\"><\/i>\t\t\t<\/span>\n\t\t\t\t\t\t\t\t\t<span class=\"elementor-button-text\"> Doktorsk\u00e9 studijn\u00ed programy<\/span>\n\t\t\t\t\t<\/span>\n\t\t\t\t\t<\/a>\n\t\t\t\t<\/div>\n\t\t\t\t\t\t\t\t<\/div>\n\t\t\t\t<\/div>\n\t\t\t\t<div class=\"elementor-element elementor-element-6f479df elementor-widget elementor-widget-spacer\" data-id=\"6f479df\" data-element_type=\"widget\" data-e-type=\"widget\" data-widget_type=\"spacer.default\">\n\t\t\t\t<div class=\"elementor-widget-container\">\n\t\t\t\t\t\t\t<div class=\"elementor-spacer\">\n\t\t\t<div class=\"elementor-spacer-inner\"><\/div>\n\t\t<\/div>\n\t\t\t\t\t\t<\/div>\n\t\t\t\t<\/div>\n\t\t\t\t\t<\/div>\n\t\t<\/div>\n\t\t\t\t\t<\/div>\n\t\t<\/section>\n\t\t\t\t<section class=\"has_eae_slider elementor-section elementor-top-section elementor-element elementor-element-0e5b8d5 elementor-section-boxed elementor-section-height-default elementor-section-height-default\" data-eae-slider=\"24447\" data-id=\"0e5b8d5\" data-element_type=\"section\" data-e-type=\"section\" data-settings=\"{&quot;background_background&quot;:&quot;gradient&quot;,&quot;_ha_eqh_enable&quot;:false}\">\n\t\t\t\t\t\t<div class=\"elementor-container elementor-column-gap-default\">\n\t\t\t\t\t<div class=\"has_eae_slider elementor-column elementor-col-100 elementor-top-column elementor-element elementor-element-07f32f1\" data-eae-slider=\"73243\" data-id=\"07f32f1\" data-element_type=\"column\" data-e-type=\"column\">\n\t\t\t<div class=\"elementor-widget-wrap elementor-element-populated\">\n\t\t\t\t\t\t<div class=\"elementor-element elementor-element-a935538 elementor-widget elementor-widget-heading\" data-id=\"a935538\" data-element_type=\"widget\" data-e-type=\"widget\" data-widget_type=\"heading.default\">\n\t\t\t\t<div class=\"elementor-widget-container\">\n\t\t\t\t\t<h2 class=\"elementor-heading-title elementor-size-default\">V\u00cdTEJTE ...\u200b<\/h2>\t\t\t\t<\/div>\n\t\t\t\t<\/div>\n\t\t\t\t<div class=\"elementor-element elementor-element-8b53bff elementor-widget elementor-widget-spacer\" data-id=\"8b53bff\" data-element_type=\"widget\" data-e-type=\"widget\" data-widget_type=\"spacer.default\">\n\t\t\t\t<div class=\"elementor-widget-container\">\n\t\t\t\t\t\t\t<div class=\"elementor-spacer\">\n\t\t\t<div class=\"elementor-spacer-inner\"><\/div>\n\t\t<\/div>\n\t\t\t\t\t\t<\/div>\n\t\t\t\t<\/div>\n\t\t\t\t<div class=\"elementor-element elementor-element-e845d3e elementor-widget elementor-widget-text-editor\" data-id=\"e845d3e\" data-element_type=\"widget\" data-e-type=\"widget\" data-widget_type=\"text-editor.default\">\n\t\t\t\t<div class=\"elementor-widget-container\">\n\t\t\t\t\t\t\t\t\t<p>Doktorsk\u00e1 \u0161kola pro vzd\u011bl\u00e1v\u00e1n\u00ed v oblasti matematick\u00fdch metod a n\u00e1stroj\u016f v HPC (zkr\u00e1cen\u011b MathInHPC) sdru\u017euje <a href=\"http:\/\/www.mathinhpc.cz\/CS\/studium\/doktorske-programy\/\">doktorsk\u00e9 studijn\u00ed programy<\/a> a pracovi\u0161t\u011b zam\u011b\u0159en\u00e9 na v\u00fdvoj metod High Performance Computing a jejich aplikace ve v\u00fdpo\u010detn\u011b n\u00e1ro\u010dn\u00fdch oblastech v\u00fdzkumu.<\/p><p style=\"text-align: center;\">Zalo\u017eena byla v roce 2019 <strong><a href=\"https:\/\/www.mff.cuni.cz\/\" target=\"_blank\" rel=\"noopener\">Matematicko-fyzik\u00e1ln\u00ed fakultou Univerzity Karlovy<\/a><\/strong>, <strong><a href=\"https:\/\/www.math.cas.cz\/\" target=\"_blank\" rel=\"noopener\">Matematick\u00fdm \u00fastavem AV \u010cR<\/a><\/strong>, <strong><a href=\"https:\/\/www.fei.vsb.cz\/cs\/index.html\" target=\"_blank\" rel=\"noopener\">Fakultou elektrotechniky a informatiky V\u0160B\u00a0\u2013\u00a0Technick\u00e9 univerzity Ostrava<\/a><\/strong> a <strong><a href=\"https:\/\/www.it4i.cz\/\" target=\"_blank\" rel=\"noopener\">IT4Innovations n\u00e1rodn\u00edm superpo\u010d\u00edta\u010dov\u00fdm centrem, \u00fastavem V\u0160B \u2013 Technick\u00e9 univerzity Ostrava<\/a><\/strong>. V roce 2020 se stala p\u0159idru\u017een\u00fdm \u010dlenem <strong><a href=\"https:\/\/prf.osu.cz\/\" target=\"_blank\" rel=\"noopener\">P\u0159\u00edrodov\u011bdeck\u00e1 fakulta Ostravsk\u00e9 univerzity<\/a><\/strong>.<\/p><p>\u010cinnosti a organizaci \u0161koly vymezuje <a href=\"https:\/\/www.mathinhpc.cz\/CS\/home\/pravni-dokumenty\/\"><strong>dohoda<\/strong><\/a> o jej\u00edm zalo\u017een\u00ed s navazuj\u00edc\u00edmi dodatky, \u0159\u00edd\u00ed ji <strong><a href=\"https:\/\/www.mathinhpc.cz\/CS\/home\/rada-doktorske-skoly\/\">rada doktorsk\u00e9 \u0161koly<\/a><\/strong> slo\u017een\u00e1 ze <strong><a href=\"https:\/\/www.mathinhpc.cz\/CS\/home\/rada-doktorske-skoly\/clenove-rady\/\">z\u00e1stupc\u016f<\/a><\/strong> jejich partner\u016f.<\/p>\t\t\t\t\t\t\t\t<\/div>\n\t\t\t\t<\/div>\n\t\t\t\t\t<\/div>\n\t\t<\/div>\n\t\t\t\t\t<\/div>\n\t\t<\/section>\n\t\t\t\t<\/div>\n\t\t","protected":false},"excerpt":{"rendered":"<p>DOKTORSK\u00c1 \u0160KOLA MathInHPC Doktorsk\u00e9 studijn\u00ed programy V\u00cdTEJTE &#8230;\u200b Doktorsk\u00e1 \u0161kola pro vzd\u011bl\u00e1v\u00e1n\u00ed v oblasti matematick\u00fdch metod a n\u00e1stroj\u016f v HPC (zkr\u00e1cen\u011b MathInHPC) sdru\u017euje doktorsk\u00e9 studijn\u00ed programy a pracovi\u0161t\u011b zam\u011b\u0159en\u00e9 na v\u00fdvoj metod High Performance Computing a jejich aplikace ve v\u00fdpo\u010detn\u011b n\u00e1ro\u010dn\u00fdch oblastech v\u00fdzkumu. Zalo\u017eena byla v roce 2019 Matematicko-fyzik\u00e1ln\u00ed fakultou Univerzity Karlovy, Matematick\u00fdm \u00fastavem AV [&hellip;]<\/p>\n","protected":false},"author":1,"featured_media":0,"parent":0,"menu_order":0,"comment_status":"closed","ping_status":"closed","template":"","meta":{"site-sidebar-layout":"no-sidebar","site-content-layout":"page-builder","ast-site-content-layout":"default","site-content-style":"default","site-sidebar-style":"default","ast-global-header-display":"","ast-banner-title-visibility":"","ast-main-header-display":"","ast-hfb-above-header-display":"","ast-hfb-below-header-display":"","ast-hfb-mobile-header-display":"","site-post-title":"disabled","ast-breadcrumbs-content":"","ast-featured-img":"disabled","footer-sml-layout":"","ast-disable-related-posts":"","theme-transparent-header-meta":"default","adv-header-id-meta":"","stick-header-meta":"","header-above-stick-meta":"","header-main-stick-meta":"","header-below-stick-meta":"","astra-migrate-meta-layouts":"default","ast-page-background-enabled":"default","ast-page-background-meta":{"desktop":{"background-color":"","background-image":"","background-repeat":"repeat","background-position":"center center","background-size":"auto","background-attachment":"scroll","background-type":"","background-media":"","overlay-type":"","overlay-color":"","overlay-opacity":"","overlay-gradient":""},"tablet":{"background-color":"","background-image":"","background-repeat":"repeat","background-position":"center center","background-size":"auto","background-attachment":"scroll","background-type":"","background-media":"","overlay-type":"","overlay-color":"","overlay-opacity":"","overlay-gradient":""},"mobile":{"background-color":"","background-image":"","background-repeat":"repeat","background-position":"center center","background-size":"auto","background-attachment":"scroll","background-type":"","background-media":"","overlay-type":"","overlay-color":"","overlay-opacity":"","overlay-gradient":""}},"ast-content-background-meta":{"desktop":{"background-color":"var(--ast-global-color-5)","background-image":"","background-repeat":"repeat","background-position":"center center","background-size":"auto","background-attachment":"scroll","background-type":"","background-media":"","overlay-type":"","overlay-color":"","overlay-opacity":"","overlay-gradient":""},"tablet":{"background-color":"var(--ast-global-color-5)","background-image":"","background-repeat":"repeat","background-position":"center center","background-size":"auto","background-attachment":"scroll","background-type":"","background-media":"","overlay-type":"","overlay-color":"","overlay-opacity":"","overlay-gradient":""},"mobile":{"background-color":"var(--ast-global-color-5)","background-image":"","background-repeat":"repeat","background-position":"center center","background-size":"auto","background-attachment":"scroll","background-type":"","background-media":"","overlay-type":"","overlay-color":"","overlay-opacity":"","overlay-gradient":""}},"footnotes":""},"class_list":["post-340","page","type-page","status-publish","hentry"],"_links":{"self":[{"href":"https:\/\/www.mathinhpc.cz\/CS\/wp-json\/wp\/v2\/pages\/340","targetHints":{"allow":["GET"]}}],"collection":[{"href":"https:\/\/www.mathinhpc.cz\/CS\/wp-json\/wp\/v2\/pages"}],"about":[{"href":"https:\/\/www.mathinhpc.cz\/CS\/wp-json\/wp\/v2\/types\/page"}],"author":[{"embeddable":true,"href":"https:\/\/www.mathinhpc.cz\/CS\/wp-json\/wp\/v2\/users\/1"}],"replies":[{"embeddable":true,"href":"https:\/\/www.mathinhpc.cz\/CS\/wp-json\/wp\/v2\/comments?post=340"}],"version-history":[{"count":154,"href":"https:\/\/www.mathinhpc.cz\/CS\/wp-json\/wp\/v2\/pages\/340\/revisions"}],"predecessor-version":[{"id":2469,"href":"https:\/\/www.mathinhpc.cz\/CS\/wp-json\/wp\/v2\/pages\/340\/revisions\/2469"}],"wp:attachment":[{"href":"https:\/\/www.mathinhpc.cz\/CS\/wp-json\/wp\/v2\/media?parent=340"}],"curies":[{"name":"wp","href":"https:\/\/api.w.org\/{rel}","templated":true}]}}